{"id":25992584,"date":"2022-08-20T18:26:36","date_gmt":"2024-09-06T07:52:46","guid":{"rendered":"https:\/\/hgm-rack.at\/produkt\/coulisseau-pour-le-montage-daccessoires\/"},"modified":"2024-09-22T13:53:29","modified_gmt":"2024-09-22T11:53:29","slug":"coulisseau-pour-le-montage-daccessoires","status":"publish","type":"product","link":"https:\/\/hgm-rack.at\/fr\/produit\/coulisseau-pour-le-montage-daccessoires\/","title":{"rendered":"Coulisseau pour le montage d&rsquo;accessoires"},"content":{"rendered":"<p>Coulisseau M8 avec vis M8x16.<br \/>\nId\u00e9alement, l&rsquo;accessoire \u00e0 fixer doit avoir une \u00e9paisseur de mat\u00e9riau de 3-4 mm.<br \/>\nLe coulisseau peut \u00eatre pivot\u00e9 \u00e0 n&rsquo;importe quel endroit, il n&rsquo;est bien s\u00fbr pas n\u00e9cessaire de d\u00e9monter quoi que ce soit.   Convient \u00e0 tous les profil\u00e9s en aluminium au pas de 8 mm de type I.  &nbsp;<\/p>\n","protected":false},"excerpt":{"rendered":"<p>Insert \u00e0 rainures pour tous les bricoleurs !<\/p>\n","protected":false},"featured_media":25992593,"comment_status":"open","ping_status":"closed","template":"","meta":{"_acf_changed":false,"_et_pb_use_builder":"","_et_pb_old_content":"","_et_gb_content_width":""},"product_brand":[],"product_cat":[1012,1034,1038,1029,1040,1030,1039,1046,1047,1011,1013,1071,1074,1033,1037,1032,1036,1031,1035,1018,1075,1048,1020,1019],"product_tag":[],"class_list":{"0":"post-25992584","1":"product","2":"type-product","3":"status-publish","4":"has-post-thumbnail","6":"product_cat-barres-de-toit","7":"product_cat-fiat-fr","8":"product_cat-fiat-talento-fr","9":"product_cat-ford-fr","10":"product_cat-ford-tourneo-custom-fr","11":"product_cat-ford-transit-fr","12":"product_cat-ford-transit-custom-fr","13":"product_cat-ineos-fr","14":"product_cat-ineos-grenadier-fr","15":"product_cat-land-rover-fr","16":"product_cat-land-rover-defender-fr","17":"product_cat-mercedes-fr","18":"product_cat-mercedes-sprinter-fr","19":"product_cat-nissan-fr","20":"product_cat-nissan-nv300-fr","21":"product_cat-opel-fr","22":"product_cat-opel-vivaro-fr","23":"product_cat-renault-fr","24":"product_cat-renault-trafic-fr","25":"product_cat-vw-fr","26":"product_cat-vw-crafter-fr","27":"product_cat-vw-id-buzz-fr","28":"product_cat-vw-t5-fr","29":"product_cat-vw-t6-fr","30":"product_shipping_class-classe-dexpedition-small","32":"first","33":"instock","34":"taxable","35":"shipping-taxable","36":"purchasable","37":"product-type-simple"},"acf":[],"gallery_images":[25991495],"_links":{"self":[{"href":"https:\/\/hgm-rack.at\/fr\/wp-json\/wp\/v2\/product\/25992584","targetHints":{"allow":["GET"]}}],"collection":[{"href":"https:\/\/hgm-rack.at\/fr\/wp-json\/wp\/v2\/product"}],"about":[{"href":"https:\/\/hgm-rack.at\/fr\/wp-json\/wp\/v2\/types\/product"}],"replies":[{"embeddable":true,"href":"https:\/\/hgm-rack.at\/fr\/wp-json\/wp\/v2\/comments?post=25992584"}],"wp:featuredmedia":[{"embeddable":true,"href":"https:\/\/hgm-rack.at\/fr\/wp-json\/wp\/v2\/media\/25992593"}],"wp:attachment":[{"href":"https:\/\/hgm-rack.at\/fr\/wp-json\/wp\/v2\/media?parent=25992584"}],"wp:term":[{"taxonomy":"product_brand","embeddable":true,"href":"https:\/\/hgm-rack.at\/fr\/wp-json\/wp\/v2\/product_brand?post=25992584"},{"taxonomy":"product_cat","embeddable":true,"href":"https:\/\/hgm-rack.at\/fr\/wp-json\/wp\/v2\/product_cat?post=25992584"},{"taxonomy":"product_tag","embeddable":true,"href":"https:\/\/hgm-rack.at\/fr\/wp-json\/wp\/v2\/product_tag?post=25992584"}],"curies":[{"name":"wp","href":"https:\/\/api.w.org\/{rel}","templated":true}]}}