{"id":25992592,"date":"2021-08-10T20:15:43","date_gmt":"2021-08-10T18:15:43","guid":{"rendered":"https:\/\/hgm-rack.at\/produkt\/securite-de-transport-reglable-seule\/"},"modified":"2025-06-30T21:06:29","modified_gmt":"2025-06-30T19:06:29","slug":"securite-de-transport-reglable-seule","status":"publish","type":"product","link":"https:\/\/hgm-rack.at\/fr\/produit\/securite-de-transport-reglable-seule\/","title":{"rendered":"S\u00e9curit\u00e9 de transport r\u00e9glable seule"},"content":{"rendered":"<p>Nos s\u00e9curit\u00e9s de transport librement r\u00e9glables s&rsquo;adaptent \u00e0 tous les produits avec des traverses 40&#215;40. Pivotant lorsqu&rsquo;il n&rsquo;est pas utilis\u00e9, il permet d&rsquo;\u00e9viter une hauteur inutile lorsque chaque centim\u00e8tre compte dans un parking souterrain.<\/p>\n","protected":false},"excerpt":{"rendered":"<p>Que vous deviez attacher l&rsquo;\u00e9chelle sur le toit chaque fin de journ\u00e9e ou fixer le standup paddleboard ou la planche de surf le week-end, les s\u00e9curit\u00e9s de transport r\u00e9glables vous permettent d&rsquo;\u00e9conomiser du temps et de l&rsquo;\u00e9nergie lors de la s\u00e9curisation du chargement. Les s\u00e9curit\u00e9s de transport sont coulissantes sur toute la longueur de la traverse et peuvent \u00eatre rabattues \u00e0 plat afin d&rsquo;\u00e9viter une hauteur de construction inutile en cas de non-utilisation.<\/p>\n<p>Fabriqu\u00e9 en acier inoxydable massif de 5 mm<\/p>\n<p>Convient \u00e0 tous les produits avec des traverses 40&#215;40<\/p>\n","protected":false},"featured_media":25992596,"comment_status":"open","ping_status":"closed","template":"","meta":{"_acf_changed":false,"_et_pb_use_builder":"","_et_pb_old_content":"","_et_gb_content_width":""},"product_brand":[],"product_cat":[1024,1049],"product_tag":[],"class_list":{"0":"post-25992592","1":"product","2":"type-product","3":"status-publish","4":"has-post-thumbnail","6":"product_cat-accessoires","7":"product_cat-securites-de-transport","8":"product_shipping_class-classe-dexpedition-small","10":"first","11":"instock","12":"taxable","13":"shipping-taxable","14":"purchasable","15":"product-type-simple"},"acf":[],"gallery_images":[25992597,25992598],"_links":{"self":[{"href":"https:\/\/hgm-rack.at\/fr\/wp-json\/wp\/v2\/product\/25992592","targetHints":{"allow":["GET"]}}],"collection":[{"href":"https:\/\/hgm-rack.at\/fr\/wp-json\/wp\/v2\/product"}],"about":[{"href":"https:\/\/hgm-rack.at\/fr\/wp-json\/wp\/v2\/types\/product"}],"replies":[{"embeddable":true,"href":"https:\/\/hgm-rack.at\/fr\/wp-json\/wp\/v2\/comments?post=25992592"}],"wp:featuredmedia":[{"embeddable":true,"href":"https:\/\/hgm-rack.at\/fr\/wp-json\/wp\/v2\/media\/25992596"}],"wp:attachment":[{"href":"https:\/\/hgm-rack.at\/fr\/wp-json\/wp\/v2\/media?parent=25992592"}],"wp:term":[{"taxonomy":"product_brand","embeddable":true,"href":"https:\/\/hgm-rack.at\/fr\/wp-json\/wp\/v2\/product_brand?post=25992592"},{"taxonomy":"product_cat","embeddable":true,"href":"https:\/\/hgm-rack.at\/fr\/wp-json\/wp\/v2\/product_cat?post=25992592"},{"taxonomy":"product_tag","embeddable":true,"href":"https:\/\/hgm-rack.at\/fr\/wp-json\/wp\/v2\/product_tag?post=25992592"}],"curies":[{"name":"wp","href":"https:\/\/api.w.org\/{rel}","templated":true}]}}