{"id":25992604,"date":"2021-08-20T12:35:00","date_gmt":"2024-09-06T07:52:53","guid":{"rendered":"https:\/\/hgm-rack.at\/produkt\/kit-solaire-complet-mobileblack-155w\/"},"modified":"2024-09-06T09:52:53","modified_gmt":"2024-09-06T07:52:53","slug":"kit-solaire-complet-mobileblack-155w","status":"publish","type":"product","link":"https:\/\/hgm-rack.at\/fr\/produit\/kit-solaire-complet-mobileblack-155w\/","title":{"rendered":"Kit solaire complet MobileBlack 155W"},"content":{"rendered":"<p>Ce syst\u00e8me complet contient tout ce dont vous avez besoin pour charger vos batteries et\/ou accumulateurs de mani\u00e8re mobile. Le r\u00e9gulateur double inclus dans le kit permet non seulement de recharger vos batteries de bord, mais aussi de charger simultan\u00e9ment la batterie de d\u00e9marrage, car il dispose d&rsquo;une sortie de charge secondaire correspondante. Une documentation compl\u00e8te est incluse, expliquant \u00e9tape par \u00e9tape l&rsquo;installation et la connexion.  <strong>Contenu de la livraison du syst\u00e8me solaire MobileBlack 155W<\/strong><\/p>\n<ul>\n<li>1x Offgridtec\u00ae OLP panneau solaire 155W 12W PERC avec technologie de bardeaux<\/li>\n<li>1x Offgridtec ABS passe-c\u00e2bles simple &#8211; noir avec presse-\u00e9toupe \u00e9tanche PEG<\/li>\n<li>1x Offgridtec 68cm ABS Profil\u00e9s de montage (1paire) &#8211; pour fixer les panneaux solaires en noir<\/li>\n<li>1x Offgridtec 8m 2x6mm H07RNF &#8211; C\u00e2ble de connexion entre le module solaire et le r\u00e9gulateur de charge solaire en version caravane<\/li>\n<li>1x Offgridtec 1,5m 2x6mm 30A C\u00e2ble de connexion batterie &#8211; C\u00e2ble de connexion r\u00e9gulateur de charge solaire \u00e0 batterie avec pinces de p\u00f4les batterie et connexion cosse M8<\/li>\n<li>1x Offgridtec\u00ae 30A MPPT Dual r\u00e9gulateur de charge solaire avec sortie de charge auxiliaire et de commutation AES<\/li>\n<li>1x affichage \u00e0 distance \/ \u00e9cran pour le r\u00e9gulateur de charge MPPT Pro Duo<\/li>\n<li>1x kit de collage Dekalin avec colle polym\u00e8re Dekasyl MS-5, agent adh\u00e9sif Dekavator, chiffon de nettoyage et mode d&#8217;emploi<\/li>\n<li>1x MC-4 c\u00e2ble d&rsquo;extension 50cm pour connecter un c\u00e2ble de raccordement se trouvant sur le module avec le c\u00e2ble de connexion du module<\/li>\n<\/ul>\n<h3>Le r\u00e9gulateur de charge solaire Offgridtec\u00ae MPPT Pro Duo 30A<\/h3>\n<p>  Le r\u00e9gulateur MPPT Pro Duo peut traiter un courant de charge maximal de 30A. Cela signifie que ce syst\u00e8me peut th\u00e9oriquement \u00eatre \u00e9tendu \u00e0 pr\u00e8s de 400W de puissance de module solaire &#8211; en tenant compte du choix des modules (extension uniquement avec des panneaux de m\u00eame type), une extension d&rsquo;un module au maximum serait toutefois la plus judicieuse pour ce syst\u00e8me. En outre, l&rsquo;appareil dispose d&rsquo;une sortie de charge secondaire qui permet de charger la batterie de d\u00e9marrage parall\u00e8lement \u00e0 la batterie de bord lors de longues p\u00e9riodes d&rsquo;immobilisation &#8211; une fonctionnalit\u00e9 qui sera certainement tr\u00e8s appr\u00e9ci\u00e9e dans le cadre d&rsquo;une utilisation mobile \u00e0 domicile. Afin de garantir une efficacit\u00e9 optimale, l&rsquo;appareil dispose \u00e9galement d&rsquo;une sortie de commutation AES &#8211; qui permet de commuter automatiquement les r\u00e9frig\u00e9rateurs \u00ab\u00a0AES\u00a0\u00bb de l&rsquo;alimentation en gaz \u00e0 l&rsquo;alimentation en 12V en cas de surplus d&rsquo;\u00e9nergie solaire.  <\/p>\n<ul>\n<li>courant de charge maximal 30A &#8211; puissance de module th\u00e9oriquement utilisable de 390W<\/li>\n<li>Sortie de charge 30A pour consommateurs 12V directement sur le r\u00e9gulateur de charge<\/li>\n<li>l&rsquo;affichage \u00e0 distance clair permet de monter le r\u00e9gulateur \u00e0 des endroits difficiles d&rsquo;acc\u00e8s dans le v\u00e9hicule sans que cela ne limite l&rsquo;utilisation et la vue d&rsquo;ensemble des param\u00e8tres du syst\u00e8me<\/li>\n<li>Signal de commande AES pour le r\u00e9frig\u00e9rateur de voiture afin d&rsquo;\u00e9viter le gaspillage d&rsquo;\u00e9nergie<\/li>\n<li>100V Tension d&rsquo;entr\u00e9e PV maximale<\/li>\n<li>Contr\u00f4le num\u00e9rique du circuit du mode de charge adaptatif en trois \u00e9tapes pour am\u00e9liorer la dur\u00e9e de vie de la batterie<\/li>\n<li>Technologie Max Power-Point Tracking avec une vitesse de suivi ultra-rapide et une efficacit\u00e9 de suivi garantie d&rsquo;au moins 99,5%.<\/li>\n<li>Dimensions : 24,7cm x 16,5cm x 6,9cm (LxlxH)<\/li>\n<li>Poids : 1,4KG<\/li>\n<li>consommation propre : 26mA \u00e0 12V<\/li>\n<li>Compensation active de la temp\u00e9rature pour une charge optimale et une dur\u00e9e de vie \u00e9lev\u00e9e de la batterie<\/li>\n<li>Prise en charge de tous les principaux types de batteries (plomb-acide, AGM, GEL, LiFePo4)<\/li>\n<li>Max. Rendement : 98<\/li>\n<li>contr\u00f4lable via Bluetooth (dongle s\u00e9par\u00e9 art. n\u00b0 8-01-011271 n\u00e9cessaire) &#8211; UNIQUEMENT POUR APPAREILS ANDROID<\/li>\n<\/ul>\n<h3>Le panneau solaire OLP 155W avec la derni\u00e8re technologie de bardeaux<\/h3>\n<p>  Le module solaire OLP 155W avec technologie PERC utilis\u00e9 dans le syst\u00e8me se distingue d&rsquo;une part par sa conception de module unique avec disposition des tranches se chevauchant (Overlapping-Design) et d&rsquo;autre part par son rendement de module \u00e9lev\u00e9, ce qui rend ce module particuli\u00e8rement int\u00e9ressant pour les applications sur les v\u00e9hicules en raison de l&rsquo;espace limit\u00e9.  <\/p>\n<ul>\n<li>tension du module (Vmp) : 21,8V<\/li>\n<li>Max. Courant (Imp) : 7,11A<\/li>\n<li>tension en circuit ouvert (Voc) : 25,7V<\/li>\n<li>courant de court-circuit (Isc) : 7,54A<\/li>\n<li>Rendement des cellules : &gt;23<\/li>\n<li>Temp\u00e9rature ambiante : -40\u00b0C &#8211; +85\u00b0C<\/li>\n<li>Coefficient de temp\u00e9rature de la puissance : -0,43 %\/\u00b0C<\/li>\n<li>Coefficient de temp\u00e9rature tension : -0,34 %\/\u00b0C<\/li>\n<li>Coefficient de temp\u00e9rature du courant : -0,05 %\/\u00b0C<\/li>\n<li>Poids : 9,37KG<\/li>\n<li>Dimensions : 1310mm x 650mm x 35mm<\/li>\n<li>classe de protection de la bo\u00eete de jonction : IP68 (\u00e9tanche \u00e0 l&rsquo;eau)<\/li>\n<li>longueur des c\u00e2bles de connexion pr\u00e9mont\u00e9s : 55cm<\/li>\n<li>connecteurs pr\u00e9mont\u00e9s : connecteurs compatibles MC4<\/li>\n<li>Nombre de cellules : 168 (8&#215;21)<\/li>\n<\/ul>\n<h3>Le syst\u00e8me de montage solaire professionnel<\/h3>\n<p>  Les profil\u00e9s spoileurs sont le premier choix, en particulier pour les caravanes et les camping-cars, lorsqu&rsquo;il s&rsquo;agit de fixer proprement les panneaux solaires. Si l&rsquo;on monte les modules dans le sens de la marche, les bruits de vent ne sont plus un probl\u00e8me (cela vaut \u00e9galement pour les capucines). Gr\u00e2ce \u00e0 la construction ferm\u00e9e des spoilers, les branches ou autres ne peuvent pas non plus se coincer sous les modules solaires. Dimensions du spoiler : L x l x H : 55cm x 8,9cm (dont environ 3cm de surface d&rsquo;appui module par spoiler) x 6,5cm.  <\/p>\n<h5>Le collage<\/h5>\n<p>  Un collage correctement effectu\u00e9 est sup\u00e9rieur \u00e0 tout assemblage viss\u00e9 dans les conditions difficiles d&rsquo;utilisation des camping-cars ou des bateaux. Sur les surfaces peintes ou en PRV, il est possible d&rsquo;atteindre une r\u00e9sistance de plus de 4 N\/mm2, ce qui, calcul\u00e9 sur la surface de collage, serait une valeur qui ne pourrait jamais \u00eatre atteinte avec un assemblage viss\u00e9 dans la fine couche de support en aluminium ou en PRV. Ce kit de colle permet m\u00eame \u00e0 un profane de cr\u00e9er une liaison absolument solide entre les spoilers et le support concern\u00e9. Le kit de collage Dekalin contient tous les composants n\u00e9cessaires pour que m\u00eame un installateur amateur puisse r\u00e9aliser un assemblage professionnel. Des vis en acier inoxydable pour la fixation des modules solaires sont \u00e9galement fournies, ainsi que des instructions de collage d\u00e9taill\u00e9es. En outre, vous avez simplement besoin d&rsquo;une presse \u00e0 levier manuelle pour cartouches, disponible dans le commerce, et d&rsquo;un chiffon non pelucheux.  <\/p>\n<h4>Les profil\u00e9s de montage ABS<\/h4>\n<p>  Les passages de c\u00e2bles du toit vers l&rsquo;int\u00e9rieur sont toujours assez d\u00e9licats, car il faut s&rsquo;assurer que tout est parfaitement \u00e9tanche et le reste, m\u00eame apr\u00e8s des ann\u00e9es. En effet, la moindre infiltration d&rsquo;eau peut entra\u00eener des d\u00e9g\u00e2ts souvent irr\u00e9parables sur l&rsquo;isolation int\u00e9rieure et l&rsquo;am\u00e9nagement. D&rsquo;autant plus que l&rsquo;humidit\u00e9 n&rsquo;est souvent remarqu\u00e9e qu&rsquo;assez tard. C&rsquo;est pour cette raison que les travers\u00e9es de toit ont \u00e9t\u00e9 d\u00e9velopp\u00e9es : Les bo\u00eetiers sont fabriqu\u00e9s dans le m\u00eame mat\u00e9riau r\u00e9sistant aux UV et aux intemp\u00e9ries que les supports de montage propos\u00e9s dans la boutique en ligne. Ils sont extr\u00eamement stables et parfaitement antid\u00e9rapants. Le large bord adh\u00e9sif garantit une \u00e9tanch\u00e9it\u00e9 optimale. Les travers\u00e9es sont coll\u00e9es avec le kit de colle que vous utilisez \u00e9galement pour coller les supports de montage solaire. Les bo\u00eetiers peuvent \u00e9galement \u00eatre peints pour s&rsquo;adapter au support sur lequel ils seront install\u00e9s.  <\/p>\n<h3>Le kit de c\u00e2blage professionnel<\/h3>\n<p>  Tous les c\u00e2bles n\u00e9cessaires sont livr\u00e9s plug &amp; play et sont d\u00e9j\u00e0 pr\u00e9-sertis avec des outils sp\u00e9cialis\u00e9s. Vous n&rsquo;avez donc pas besoin d&rsquo;acheter des pinces sp\u00e9ciales pour les connecteurs MC-4.<\/p>\n","protected":false},"excerpt":{"rendered":"<p><strong>Utilise la puissance du soleil !<\/strong>  Le kit MobileBlack 155W contient tout ce dont vous avez besoin pour \u00eatre autonome sur la route !<\/p>\n","protected":false},"featured_media":25992605,"comment_status":"open","ping_status":"closed","template":"","meta":{"_acf_changed":false,"_et_pb_use_builder":"","_et_pb_old_content":"","_et_gb_content_width":""},"product_brand":[],"product_cat":[1098],"product_tag":[],"class_list":{"0":"post-25992604","1":"product","2":"type-product","3":"status-publish","4":"has-post-thumbnail","6":"product_cat-photovoltaique-stockage-denergie","7":"product_shipping_class-classe-dexpedition-medium","9":"first","10":"outofstock","11":"taxable","12":"shipping-taxable","13":"purchasable","14":"product-type-simple"},"acf":[],"gallery_images":[25992606,25992563,25992564,25992607],"_links":{"self":[{"href":"https:\/\/hgm-rack.at\/fr\/wp-json\/wp\/v2\/product\/25992604","targetHints":{"allow":["GET"]}}],"collection":[{"href":"https:\/\/hgm-rack.at\/fr\/wp-json\/wp\/v2\/product"}],"about":[{"href":"https:\/\/hgm-rack.at\/fr\/wp-json\/wp\/v2\/types\/product"}],"replies":[{"embeddable":true,"href":"https:\/\/hgm-rack.at\/fr\/wp-json\/wp\/v2\/comments?post=25992604"}],"wp:featuredmedia":[{"embeddable":true,"href":"https:\/\/hgm-rack.at\/fr\/wp-json\/wp\/v2\/media\/25992605"}],"wp:attachment":[{"href":"https:\/\/hgm-rack.at\/fr\/wp-json\/wp\/v2\/media?parent=25992604"}],"wp:term":[{"taxonomy":"product_brand","embeddable":true,"href":"https:\/\/hgm-rack.at\/fr\/wp-json\/wp\/v2\/product_brand?post=25992604"},{"taxonomy":"product_cat","embeddable":true,"href":"https:\/\/hgm-rack.at\/fr\/wp-json\/wp\/v2\/product_cat?post=25992604"},{"taxonomy":"product_tag","embeddable":true,"href":"https:\/\/hgm-rack.at\/fr\/wp-json\/wp\/v2\/product_tag?post=25992604"}],"curies":[{"name":"wp","href":"https:\/\/api.w.org\/{rel}","templated":true}]}}