{"id":26004947,"date":"2025-01-09T11:19:27","date_gmt":"2025-01-09T10:19:27","guid":{"rendered":"https:\/\/hgm-rack.at\/produkt\/support-de-barres-de-toit-flexi-vw-t6\/"},"modified":"2025-05-06T11:37:11","modified_gmt":"2025-05-06T09:37:11","slug":"support-de-barres-de-toit-flexi-vw-t6","status":"publish","type":"product","link":"https:\/\/hgm-rack.at\/fr\/produit\/support-de-barres-de-toit-flexi-vw-t6\/","title":{"rendered":"Support de barres de toit Flexi VW T6"},"content":{"rendered":"<h2>Support de barres de toit Flexi VW T6<\/h2>\n<p>Le support de barres de toit Flexi VW T6 est la solution parfaite pour tous ceux qui recherchent un support de barres de toit robuste, flexible et facile \u00e0 monter pour leur projet DIY. Ces supports offrent non seulement une grande qualit\u00e9 et un montage rapide, mais aussi une personnalisation qui est id\u00e9ale pour tout projet de bricolage. Gr\u00e2ce au design bien pens\u00e9, m\u00eame les bricoleurs inexp\u00e9riment\u00e9s peuvent facilement fixer les supports \u00e0 leur v\u00e9hicule et ainsi am\u00e9liorer leur VW T6 pour les utilisations les plus diverses.  <\/p>\n<p><strong>Montage facile &#8211; Id\u00e9al pour les projets de bricolage<\/strong><\/p>\n<p>Les supports de barres de toit Flexi se distinguent par un montage particuli\u00e8rement simple. Aucune connaissance particuli\u00e8re n&rsquo;est n\u00e9cessaire pour installer les supports sur le v\u00e9hicule. Des instructions d\u00e9taill\u00e9es te guident pas \u00e0 pas dans le processus d&rsquo;installation, ce qui te permet de monter rapidement et en toute s\u00e9curit\u00e9 le support parfait, m\u00eame si tu n&rsquo;as pas beaucoup d&rsquo;exp\u00e9rience. C&rsquo;est un grand avantage, surtout pour les amateurs de DIY &#8211; tu peux r\u00e9aliser tes projets toi-m\u00eame avec un minimum d&rsquo;efforts et profiter du confort d&rsquo;une galerie de toit sur mesure.   <\/p>\n<p><strong>R\u00e9glable en hauteur &#8211; flexibilit\u00e9 d&rsquo;utilisation<\/strong><\/p>\n<p>Une caract\u00e9ristique exceptionnelle du support de barres de toit Flexi VW T6 est sa capacit\u00e9 de r\u00e9glage en hauteur. Le support peut \u00eatre ajust\u00e9 dans une plage de 63 \u00e0 78 mm. Cela te donne la flexibilit\u00e9 n\u00e9cessaire pour adapter id\u00e9alement le support aux exigences sp\u00e9cifiques de ton v\u00e9hicule et de ton chargement. Que tu souhaites transporter des objets encombrants ou s\u00e9curiser des mat\u00e9riaux fragiles sur le toit de ta VW T5, la capacit\u00e9 d&rsquo;adaptation des supports Flexi garantit une fixation s\u00fbre et stable des barres transversales.   <\/p>\n<p><strong>Structure plate &#8211; optimale pour le T6 de VW<\/strong><\/p>\n<p>Gr\u00e2ce aux dimensions ajust\u00e9es avec pr\u00e9cision, le r\u00e9glage le plus bas au milieu du toit du T5 VW laisse encore un espace d&rsquo;environ 2 cm par rapport au toit. Cela correspond \u00e0 une augmentation de hauteur de 6-7cm en utilisant des <a href=\"https:\/\/hgm-rack.at\/fr\/produit\/traverse-standard\/\">profil\u00e9s en aluminium 40&#215;40<\/a>. Cette faible hauteur permet d&rsquo;obtenir une structure particuli\u00e8rement plate, ce qui am\u00e9liore non seulement l&rsquo;a\u00e9rodynamisme du v\u00e9hicule, mais minimise \u00e9galement la r\u00e9sistance \u00e0 l&rsquo;air et la consommation de carburant. En m\u00eame temps, il reste suffisamment d&rsquo;espace pour fixer en toute s\u00e9curit\u00e9 la charge sur le toit sans que le support n&rsquo;affecte l&rsquo;aspect ou la fonctionnalit\u00e9 du v\u00e9hicule. Avec ces supports de barres de toit, tu peux utiliser la VW T5 de mani\u00e8re optimale pour des projets de transport ou de voyage.    <\/p>\n<p><strong>Robuste et fiable &#8211; Pr\u00eat pour chaque aventure<\/strong><\/p>\n<p>Notre support de barres de toit Flexi VW T6 n&rsquo;est pas seulement facile \u00e0 monter, il est aussi extr\u00eamement robuste. La grande qualit\u00e9 des mat\u00e9riaux utilis\u00e9s garantit que les supports fonctionnent de mani\u00e8re fiable m\u00eame dans des conditions exigeantes. Que tu fasses r\u00e9guli\u00e8rement de longs trajets, que tu voyages dans diff\u00e9rentes conditions m\u00e9t\u00e9orologiques ou que tu aies besoin de transporter de lourdes charges, les supports Flexi t&rsquo;offrent la stabilit\u00e9 et la durabilit\u00e9 n\u00e9cessaires pour transporter ton \u00e9quipement en toute s\u00e9curit\u00e9 et profiter de tes voyages sans soucis.  <\/p>\n<p><strong>Parfait pour chaque projet et chaque voyage<\/strong><\/p>\n<p>Avec le support de barre de toit Flexi pour le VW T6, tu as un partenaire \u00e0 tes c\u00f4t\u00e9s qui convient aussi bien \u00e0 une utilisation priv\u00e9e que professionnelle. Que ce soit pour les week-ends, les vacances en camping ou le transport professionnel d&rsquo;\u00e9quipements, ces supports t&rsquo;offrent la polyvalence dont tu as besoin pour r\u00e9aliser au mieux tes projets et tes voyages. <\/p>\n<p>Misez sur la qualit\u00e9, la flexibilit\u00e9 et la facilit\u00e9 d&rsquo;utilisation &#8211; avec le support de barres de toit Flexi pour le VW T6, tu as la base id\u00e9ale pour chaque aventure. Compose ta galerie de toit parfaite et d\u00e9couvre \u00e0 quel point le transport de charges peut \u00eatre simple et confortable ! <\/p>\n<h3>Support de barres de toit Flexi VW T6, qu&rsquo;est-ce qui est inclus ?<\/h3>\n<ul>\n<li>Support Flexi partie inf\u00e9rieure avec joint (acier inoxydable 3mm)<\/li>\n<li>Support Flexi partie sup\u00e9rieure (acier inoxydable 3mm)<\/li>\n<li>Kit de vis<\/li>\n<li>Fusibles en plastique pour r\u00e9gler la hauteur<\/li>\n<\/ul>\n<p>Tu veux savoir ce qui t&rsquo;attend pendant le montage ? Regarde notre <a href=\"https:\/\/www.youtube.com\/watch?v=8QSfa3_qDdg\" rel=\"nofollow noopener\" target=\"_blank\">vid\u00e9o de montage <\/a>. Si tu commandes un roofrack Flexi 250 ou Flexi 300, ces supports sont bien s\u00fbr inclus dans la livraison.  <\/p>\n<p>HGM-Rack te souhaite beaucoup de plaisir \u00e0 construire des barres de toit !<\/p>\n","protected":false},"excerpt":{"rendered":"<h1>Support de barres de toit Flexi VW T6<\/h1>\n<p>La pierre angulaire de ton projet DIY !<\/p>\n","protected":false},"featured_media":26008895,"comment_status":"open","ping_status":"closed","template":"","meta":{"_acf_changed":false,"_et_pb_use_builder":"","_et_pb_old_content":"","_et_gb_content_width":""},"product_brand":[],"product_cat":[1018,1019],"product_tag":[],"class_list":{"0":"post-26004947","1":"product","2":"type-product","3":"status-publish","4":"has-post-thumbnail","6":"product_cat-vw-fr","7":"product_cat-vw-t6-fr","8":"product_shipping_class-classe-dexpedition-small","9":"pa_zubehoer-excl-coulisseau-pour-profile-en-aluminium-40x40","10":"pa_zubehoer-incl-coulisseau-pour-profile-en-aluminium-40x40","12":"first","13":"instock","14":"taxable","15":"shipping-taxable","16":"purchasable","17":"product-type-variable"},"acf":[],"gallery_images":[26008900,26008906,26008921,25992508],"_links":{"self":[{"href":"https:\/\/hgm-rack.at\/fr\/wp-json\/wp\/v2\/product\/26004947","targetHints":{"allow":["GET"]}}],"collection":[{"href":"https:\/\/hgm-rack.at\/fr\/wp-json\/wp\/v2\/product"}],"about":[{"href":"https:\/\/hgm-rack.at\/fr\/wp-json\/wp\/v2\/types\/product"}],"replies":[{"embeddable":true,"href":"https:\/\/hgm-rack.at\/fr\/wp-json\/wp\/v2\/comments?post=26004947"}],"wp:featuredmedia":[{"embeddable":true,"href":"https:\/\/hgm-rack.at\/fr\/wp-json\/wp\/v2\/media\/26008895"}],"wp:attachment":[{"href":"https:\/\/hgm-rack.at\/fr\/wp-json\/wp\/v2\/media?parent=26004947"}],"wp:term":[{"taxonomy":"product_brand","embeddable":true,"href":"https:\/\/hgm-rack.at\/fr\/wp-json\/wp\/v2\/product_brand?post=26004947"},{"taxonomy":"product_cat","embeddable":true,"href":"https:\/\/hgm-rack.at\/fr\/wp-json\/wp\/v2\/product_cat?post=26004947"},{"taxonomy":"product_tag","embeddable":true,"href":"https:\/\/hgm-rack.at\/fr\/wp-json\/wp\/v2\/product_tag?post=26004947"}],"curies":[{"name":"wp","href":"https:\/\/api.w.org\/{rel}","templated":true}]}}