{"id":26004966,"date":"2025-05-06T11:37:42","date_gmt":"2025-05-06T09:37:42","guid":{"rendered":"https:\/\/hgm-rack.at\/produkt\/mise-a-niveau-de-leclairage-pour-vehicule-durgence\/"},"modified":"2025-05-06T11:37:42","modified_gmt":"2025-05-06T09:37:42","slug":"mise-a-niveau-de-leclairage-pour-vehicule-durgence","status":"publish","type":"product","link":"https:\/\/hgm-rack.at\/fr\/produit\/mise-a-niveau-de-leclairage-pour-vehicule-durgence\/","title":{"rendered":"Mise \u00e0 niveau de l&rsquo;\u00e9clairage pour v\u00e9hicule d&rsquo;urgence"},"content":{"rendered":"<p><strong>Mise \u00e0 niveau de l&rsquo;\u00e9clairage des v\u00e9hicules d&rsquo;urgence<\/strong><\/p>\n<p>Le kit d&rsquo;extension transforme ta galerie de toit HGM Rack en un v\u00e9hicule d&rsquo;intervention \u00e0 part enti\u00e8re et t&rsquo;offre la possibilit\u00e9 de faire passer ton \u00e9quipement \u00e0 un niveau sup\u00e9rieur. Ce kit a \u00e9t\u00e9 sp\u00e9cialement con\u00e7u pour garantir une fonctionnalit\u00e9 et une polyvalence maximales sans avoir \u00e0 percer des trous dans le v\u00e9hicule lors du montage. <\/p>\n<p>Tu as besoin d&rsquo;un \u00e9clairage pour ton nouveau v\u00e9hicule d&rsquo;intervention ? La mise \u00e0 niveau \u00c9clairage pour v\u00e9hicules d&rsquo;intervention a \u00e9t\u00e9 sp\u00e9cialement compos\u00e9e pour le sauvetage en montagne, le sauvetage aquatique et les pompiers. Adapt\u00e9e aux barres de toit VW T5 T6 et Ford Transit Custom, cette extension fournit l&rsquo;\u00e9clairage n\u00e9cessaire lors des interventions. Comme cette mise \u00e0 niveau est compatible avec toutes nos barres de toit, nous l&rsquo;avons con\u00e7ue comme une mise \u00e0 niveau. Il suffit de choisir le produit qui convient \u00e0 ton v\u00e9hicule, par exemple <a href=\"https:\/\/hgm-rack.at\/produkt\/dachtraeger-vw-t5-t6-kurzer-radstand\/\" class=\"broken_link\">les barres de toit VW T6<\/a>, et d&rsquo;ajouter la mise \u00e0 jour. Bien s\u00fbr, tous nos feux \u00e0 \u00e9clats sont conformes \u00e0 la norme ECE R65.     <\/p>\n<p><strong>La barre de toit elle-m\u00eame n&rsquo;est pas incluse dans la livraison !<\/strong><\/p>\n<p>La mise \u00e0 niveau du v\u00e9hicule de remplacement des barres de toit comprend<\/p>\n<ol>\n<li>Cache arri\u00e8re avec phares et flashs en jaune et bleu<\/li>\n<li>4x \u00e9clairage de l&rsquo;environnement<\/li>\n<li>Rails Airlin des deux c\u00f4t\u00e9s<\/li>\n<li>Phares avant avec flashs en jaune et bleu<\/li>\n<li>Barre de lumi\u00e8re bleue<\/li>\n<li>Strands Box avec t\u00e9l\u00e9commande<\/li>\n<li>Kit de c\u00e2bles \u00e0 monter sans percer de trous dans le v\u00e9hicule<\/li>\n<li>5 traverses suppl\u00e9mentaires (empattement long 7 traverses suppl\u00e9mentaires)<\/li>\n<\/ol>\n<p><strong>\u00c9clairage :<\/strong><\/p>\n<p>Nos phares avant et arri\u00e8re sont \u00e9quip\u00e9s de flashs jaunes int\u00e9gr\u00e9s et affichent une puissance imbattable de 2x 3200 lumens !<\/p>\n<p>L&rsquo;\u00e9clairage d&rsquo;ambiance \u00e9claire le lieu d&rsquo;intervention avec 4x 2800 lumens, indispensable pour ton travail !<\/p>\n<p>Les radars s&rsquo;allument automatiquement en m\u00eame temps que les flashs jaunes int\u00e9gr\u00e9s dans les phares, une fonctionnalit\u00e9 importante lorsque, par exemple, il faut r\u00e9guler le trafic, etc. et que l&rsquo;utilisation des feux bleus n&rsquo;est pas autoris\u00e9e.<\/p>\n<p><strong>Les rails de la compagnie a\u00e9rienne :<\/strong><\/p>\n<p>Si tu as besoin de fixer d&rsquo;autres \u00e9quipements qui ne trouvent pas de place sur le toit, des rails Airlin sont inclus dans la mise \u00e0 niveau. Tu peux y fixer facilement tes outils sp\u00e9cifiques \u00e0 l&rsquo;aide de raccords ou d&rsquo;inserts filet\u00e9s. Id\u00e9al pour les outils qui sont souvent utilis\u00e9s et qui doivent \u00eatre imm\u00e9diatement accessibles depuis le sol.  <\/p>\n<p><strong>Traverses suppl\u00e9mentaires :<\/strong><\/p>\n<p>La livraison comprend \u00e9galement l&rsquo;extension \u00e0 un balai complet, ce qui te garantit une utilisation maximale de l&rsquo;espace sur le toit. Bien s\u00fbr, ils sont extensibles avec tous les accessoires comme <a href=\"https:\/\/hgm-rack.at\/fr\/produit\/levre-en-caoutchouc-pour-profile-en-aluminium-standard-40x40\/\">les l\u00e8vres en caoutchouc<\/a> ou <a href=\"https:\/\/hgm-rack.at\/fr\/produit\/securite-de-transport-reglable-seule\/\">les anneaux d&rsquo;arrimage<\/a>. <\/p>\n<p><strong>Un contr\u00f4le facile :<\/strong><\/p>\n<p>L&rsquo;ensemble de l&rsquo;\u00e9clairage est confortablement contr\u00f4l\u00e9 par une t\u00e9l\u00e9commande. Tu as ainsi le contr\u00f4le de toutes les fonctions d&rsquo;\u00e9clairage sans que le conducteur ne soit distrait pendant la conduite. L&rsquo;utilisation intuitive est un jeu d&rsquo;enfant et te permet de r\u00e9agir directement aux exigences. Notre commande te permet \u00e9galement de contr\u00f4ler l&rsquo;\u00e9clairage via un panneau de commande fixe dans le cockpit, mais il faut alors installer des c\u00e2bles suppl\u00e9mentaires. Il n&rsquo;est pas inclus dans la livraison mais peut \u00eatre obtenu sur demande.    <\/p>\n<p><strong>Barre de lumi\u00e8re bleue :<\/strong><\/p>\n<ul>\n<li>Longueur de la poutre : 140 ou 150cm (selon le mod\u00e8le de v\u00e9hicule)<\/li>\n<li>Nombre de modules LED : du minimum \u00e0 l&rsquo;\u00e9quipement partiel (selon les besoins du client), 3 LED par module<\/li>\n<li>Couleurs d&rsquo;avertissement : jaune, bleu, rouge, vert (bleu ou jaune par d\u00e9faut)<\/li>\n<li>Couleur de la hotte : jaune, bleu, rouge, vert, clair-transparent<\/li>\n<li>Option double couleur, par exemple jaune\/bleu commutable<\/li>\n<li>Diverses options suppl\u00e9mentaires : Haut-parleurs, phares de travail, \u00e9cran Follow-ME, phares de recherche, indicateurs de direction, feux stop, annonce vocale, avertisseur sonore de suivi, sir\u00e8ne.<\/li>\n<li>Tu trouveras des informations sur les accessoires sur <a href=\"http:\/\/intersignal.at\" target=\"_blank\" rel=\"noopener\">Intersignal.at <\/a> <\/li>\n<\/ul>\n<p><strong>Montage sans per\u00e7age : <\/strong>L&rsquo;installation du kit d&rsquo;extension est simple et inutilement invasive. Tu n&rsquo;as pas besoin de percer des trous dans la voiture, ce qui pr\u00e9serve \u00e0 la fois l&rsquo;int\u00e9grit\u00e9 du v\u00e9hicule et permet un d\u00e9montage facile si n\u00e9cessaire. Tous les composants sont con\u00e7us pour s&rsquo;int\u00e9grer parfaitement dans les barres de toit existantes.  <\/p>\n<p><strong>Conclusion : <\/strong>transforme ta galerie de toit en un v\u00e9hicule d&rsquo;intervention enti\u00e8rement \u00e9quip\u00e9 gr\u00e2ce \u00e0 ce kit d&rsquo;extension efficace. Plus s\u00fbr, plus pratique et imm\u00e9diatement pr\u00eat \u00e0 t&rsquo;accompagner dans toutes tes aventures. Id\u00e9al pour tous ceux qui souhaitent tirer davantage de leur v\u00e9hicule sans faire de compromis.  <\/p>\n<p>Bien s\u00fbr, ce produit est configurable dans d&rsquo;innombrables variantes, si cette version ne correspond pas \u00e0 tes besoins, n&rsquo;h\u00e9site pas \u00e0 nous envoyer un e-mail et nous \u00e9laborerons avec toi le produit parfait.<\/p>\n","protected":false},"excerpt":{"rendered":"<p>Notre nouvelle s\u00e9rie Rescue-Rack pour les v\u00e9hicules d&rsquo;intervention. \u00c9quip\u00e9 de flashs jaunes et bleus, de phares avant, de phares arri\u00e8re et d&rsquo;un \u00e9clairage p\u00e9riph\u00e9rique. <\/p>\n","protected":false},"featured_media":25995097,"comment_status":"open","ping_status":"closed","template":"","meta":{"_acf_changed":false,"_et_pb_use_builder":"","_et_pb_old_content":"","_et_gb_content_width":""},"product_brand":[],"product_cat":[1024,1092],"product_tag":[],"class_list":{"0":"post-26004966","1":"product","2":"type-product","3":"status-publish","4":"has-post-thumbnail","6":"product_cat-accessoires","7":"product_cat-phare","8":"product_shipping_class-classe-dexpedition-xxl","10":"first","11":"instock","12":"taxable","13":"shipping-taxable","14":"purchasable","15":"product-type-simple"},"acf":[],"gallery_images":[25995085,25995095,25995110,25995115,25995105],"_links":{"self":[{"href":"https:\/\/hgm-rack.at\/fr\/wp-json\/wp\/v2\/product\/26004966","targetHints":{"allow":["GET"]}}],"collection":[{"href":"https:\/\/hgm-rack.at\/fr\/wp-json\/wp\/v2\/product"}],"about":[{"href":"https:\/\/hgm-rack.at\/fr\/wp-json\/wp\/v2\/types\/product"}],"replies":[{"embeddable":true,"href":"https:\/\/hgm-rack.at\/fr\/wp-json\/wp\/v2\/comments?post=26004966"}],"wp:featuredmedia":[{"embeddable":true,"href":"https:\/\/hgm-rack.at\/fr\/wp-json\/wp\/v2\/media\/25995097"}],"wp:attachment":[{"href":"https:\/\/hgm-rack.at\/fr\/wp-json\/wp\/v2\/media?parent=26004966"}],"wp:term":[{"taxonomy":"product_brand","embeddable":true,"href":"https:\/\/hgm-rack.at\/fr\/wp-json\/wp\/v2\/product_brand?post=26004966"},{"taxonomy":"product_cat","embeddable":true,"href":"https:\/\/hgm-rack.at\/fr\/wp-json\/wp\/v2\/product_cat?post=26004966"},{"taxonomy":"product_tag","embeddable":true,"href":"https:\/\/hgm-rack.at\/fr\/wp-json\/wp\/v2\/product_tag?post=26004966"}],"curies":[{"name":"wp","href":"https:\/\/api.w.org\/{rel}","templated":true}]}}