{"id":26005206,"date":"2025-05-09T18:39:45","date_gmt":"2025-05-09T16:39:45","guid":{"rendered":"https:\/\/hgm-rack.at\/produkt\/transit-custom-dachtraeger-l1h1-ab-2024\/"},"modified":"2025-06-09T14:50:18","modified_gmt":"2025-06-09T12:50:18","slug":"transit-custom-dachtraeger-l1h1-ab-2024","status":"publish","type":"product","link":"https:\/\/hgm-rack.at\/fr\/produit\/transit-custom-dachtraeger-l1h1-ab-2024\/","title":{"rendered":"Barres de toit Transit Custom L1H1 (\u00e0 partir de 2024)"},"content":{"rendered":"<h2><strong>Barres de toit Transit Custom L1H1 (\u00e0 partir de 2024) de la gamme Flexi 250.<\/strong><\/h2>\n<p>La <strong>barre de toit Flexi 250 Transit Custom L1H1 (\u00e0 partir de 2024)<\/strong> offre non seulement une fonctionnalit\u00e9, mais aussi de nombreuses possibilit\u00e9s de personnalisation pour r\u00e9pondre \u00e0 tes besoins. Avec une structure plate de seulement 9 cm, elle reste a\u00e9rodynamique et efficace, tout en te faisant profiter de sa polyvalence d&rsquo;extension. Que tu utilises la galerie de toit pour transporter du mat\u00e9riel de loisirs et de camping ou pour des applications professionnelles, le Flexi 250 offre une base stable.  <\/p>\n<p>L&rsquo;un des points forts est la facilit\u00e9 de montage des accessoires, qui peut se faire sans percer de trous, gr\u00e2ce au syst\u00e8me de rainures 8. Tu peux ainsi fixer de mani\u00e8re flexible des accessoires tels que des syst\u00e8mes d&rsquo;arrimage, des stores ou des phares. De plus, le <strong>syst\u00e8me photovolta\u00efque<\/strong> en option assure une alimentation \u00e9lectrique \u00e9cologique sur la route &#8211; parfait pour les longs voyages ou en compl\u00e9ment de la tente de toit. Le <strong>kit de panneaux<\/strong> transforme la galerie de toit en une terrasse solaire pratique qui favorise un refroidissement agr\u00e9able \u00e0 l&rsquo;int\u00e9rieur du v\u00e9hicule. Le <strong>panneau arri\u00e8re<\/strong> en option am\u00e9liore non seulement l&rsquo;apparence, mais permet \u00e9galement d&rsquo;int\u00e9grer <strong>des phares arri\u00e8re<\/strong> pour optimiser la visibilit\u00e9 dans l&rsquo;obscurit\u00e9.    <\/p>\n<p>Gr\u00e2ce \u00e0 ses composants robustes en acier inoxydable et \u00e0 son rev\u00eatement en poudre de haute qualit\u00e9, le Flexi 250 r\u00e9siste \u00e0 toutes les conditions m\u00e9t\u00e9orologiques et reste fiable m\u00eame dans les conditions d&rsquo;utilisation les plus difficiles. Le <strong>Flexi 250<\/strong> est donc le choix id\u00e9al pour tous ceux qui accordent de l&rsquo;importance \u00e0 la flexibilit\u00e9, \u00e0 la stabilit\u00e9 et au design. <\/p>\n<h3>Quelles sont les caract\u00e9ristiques de la barre de toit Transit Custom L1H1 ?<\/h3>\n<p><strong>Caract\u00e9ristiques des parties lat\u00e9rales :<\/strong><\/p>\n<ul>\n<li>Fabriqu\u00e9 en acier inoxydable de 3 mm avec 3 couches de peinture en poudre pour une grande durabilit\u00e9<\/li>\n<li>Longueur d&rsquo;environ 2500mm<\/li>\n<li>Trous de 6 et 8mm pr\u00e9par\u00e9s pour le montage d&rsquo;accessoires<\/li>\n<li>Trous de 20mm pr\u00e9par\u00e9s pour le passage des connecteurs DT<\/li>\n<li>jusqu&rsquo;\u00e0 22 <a href=\"https:\/\/hgm-rack.at\/fr\/produit\/point-de-contact-de-la-compagnie-aerienne\/\">points d&rsquo;ancrage Airline<\/a> peuvent \u00eatre mont\u00e9s sur le dessus<\/li>\n<li>Trous de montage pr\u00e9par\u00e9s pour la Fiamma F43 270cm<\/li>\n<\/ul>\n<p><strong>Caract\u00e9ristiques de la barre transversale :<\/strong><\/p>\n<ul>\n<li>40&#215;40 profil\u00e9 en aluminium, anodis\u00e9 noir avec rev\u00eatement en poudre suppl\u00e9mentaire<\/li>\n<li>Largeur 1510mm<\/li>\n<li>compatible avec les accessoires de rainure 8<\/li>\n<li>Montage d&rsquo;accessoires \u00e0 n&rsquo;importe quel endroit sans percer de trous gr\u00e2ce \u00e0 nos \u00e9crous coulissants.<\/li>\n<li>Pour prot\u00e9ger et emp\u00eacher la charge et la traverse de glisser, nous recommandons de monter nos <a href=\"https:\/\/hgm-rack.at\/fr\/produit\/levre-en-caoutchouc-pour-profile-en-aluminium-standard-40x40\/\">l\u00e8vres en caoutchouc. <\/a> <\/li>\n<\/ul>\n<p><strong>Caract\u00e9ristiques T\u00f4le de vent :<\/strong><\/p>\n<ul>\n<li>Fabriqu\u00e9 en acier inoxydable de 3 mm avec 3 couches de peinture en poudre<\/li>\n<li>Largeur 1510mm<\/li>\n<li>Selon ton choix, avec des caches ou des phares LED<\/li>\n<\/ul>\n<p><strong>Caract\u00e9ristiques Cache arri\u00e8re (en option) :<\/strong><\/p>\n<ul>\n<li>Le panneau arri\u00e8re en option permet d&rsquo;am\u00e9liorer l&rsquo;apparence de l&rsquo;arri\u00e8re.<\/li>\n<li>Possibilit\u00e9 de monter des phares arri\u00e8re.<\/li>\n<li>Point n\u00e9gatif : peut \u00eatre un obstacle lors du montage de tentes de toit qui sont viss\u00e9es par le bas.<\/li>\n<\/ul>\n<p><strong>Caract\u00e9ristiques Phares avant et arri\u00e8re (en option) :<\/strong><\/p>\n<ul>\n<li>Les phares convainquent par leur rendement lumineux de 2450 lumens avec une consommation de courant de 30w par phare.<\/li>\n<li>Chaque paire de projecteurs est livr\u00e9e avec un c\u00e2ble de connexion de 250cm.<\/li>\n<li>Fonction flash int\u00e9gr\u00e9e disponible sur demande (+99\u20ac par paire de phares)<\/li>\n<li>autoris\u00e9s comme phares de travail (ne doivent pas \u00eatre connect\u00e9s aux feux de route)<\/li>\n<li>Contr\u00f4le par t\u00e9l\u00e9commande avec notre kit de contr\u00f4le \u00e0 distance (non inclus !)<\/li>\n<\/ul>\n<p><strong>Caract\u00e9ristiques Photovolta\u00efque :<\/strong><\/p>\n<ul>\n<li>Panneau PV 180w avec supports pour montage sur la traverse<\/li>\n<li>Le panneau est plus bas que la barre transversale, tu peux donc encore charger facilement par-dessus.<\/li>\n<\/ul>\n<h4>Exp\u00e9dition et livraison des barres de toit Transit Custom L1H1<\/h4>\n<p><strong>Contenu de la livraison :<\/strong><\/p>\n<ul>\n<li>Supports \u00e0 monter sur le v\u00e9hicule, mat\u00e9riel de montage inclus <\/li>\n<li>Traverse (quantit\u00e9 selon la configuration) incl. Mat\u00e9riel de montage <\/li>\n<li>Parties lat\u00e9rales avec mat\u00e9riel de montage <\/li>\n<li>T\u00f4le de vent avec caches ou phares (selon la configuration)<\/li>\n<li>Autres accessoires (selon la configuration)<\/li>\n<\/ul>\n<p><strong>Exp\u00e9dition :  <\/strong><\/p>\n<p>\u00c0 partir de 1000\u20ac, l&rsquo;exp\u00e9dition est gratuite pour toi. En raison de la taille et du poids, l&rsquo;envoi se fait dans des caisses en bois ou des palettes par une entreprise de transport. Veille \u00e0 indiquer un num\u00e9ro de t\u00e9l\u00e9phone correct pour que l&rsquo;entreprise de transport puisse convenir d&rsquo;une date de livraison avec toi. Choisis toujours une adresse d&rsquo;exp\u00e9dition o\u00f9 l&rsquo;acc\u00e8s et le d\u00e9chargement des camions sont faciles. N&rsquo;oublie pas que l&rsquo;envoi par transporteur prend un peu plus de temps que l&rsquo;envoi par colis, mais il est plus important pour nous que ta nouvelle galerie de toit arrive chez toi sans dommages.    <\/p>\n<p>&nbsp;<\/p>\n<p>En principe, les structures de toit ne sont pas soumises \u00e0 l&rsquo;enregistrement, mais en g\u00e9n\u00e9ral, elles sont toujours \u00e0 la discr\u00e9tion de l&rsquo;expert. Merci de toujours tenir compte des dispositions l\u00e9gales de ton pays. N&rsquo;h\u00e9site pas \u00e0 nous contacter si tu as d&rsquo;autres questions sur les barres de toit Ford Tourneo Custom L1H1. Tu trouveras d&rsquo;autres accessoires de camping et des tentes de toit qui ne sont pas disponibles dans la boutique chez notre partenaire <a href=\"https:\/\/www.inter-trade.at\/\" target=\"_blank\" rel=\"noopener\">Inter-trade.at<\/a>   <\/p>\n<p>&nbsp;<\/p>\n","protected":false},"excerpt":{"rendered":"<h1><strong>Barres de toit Transit Custom L1H1. Configure maintenant la galerie de tes r\u00eaves. <\/strong><\/h1>\n","protected":false},"featured_media":26004520,"comment_status":"open","ping_status":"closed","template":"","meta":{"_acf_changed":false,"_et_pb_use_builder":"","_et_pb_old_content":"","_et_gb_content_width":""},"product_brand":[],"product_cat":[1029,1479],"product_tag":[],"class_list":{"0":"post-26005206","1":"product","2":"type-product","3":"status-publish","4":"has-post-thumbnail","6":"product_cat-ford-fr","7":"product_cat-ford-transit-custom-a-partir-de-2024-fr","8":"pa_oben-6-traverses-avec-module-pv-de-150w","9":"pa_oben-9-traverses-avec-module-pv-de-150w","10":"pa_oben-effort-complet","11":"pa_oben-standard-5-traverses","13":"first","14":"instock","15":"taxable","16":"shipping-taxable","17":"purchasable","18":"product-type-variable"},"acf":[],"gallery_images":[26004786,26004791,26004796,26004801,26008933],"_links":{"self":[{"href":"https:\/\/hgm-rack.at\/fr\/wp-json\/wp\/v2\/product\/26005206","targetHints":{"allow":["GET"]}}],"collection":[{"href":"https:\/\/hgm-rack.at\/fr\/wp-json\/wp\/v2\/product"}],"about":[{"href":"https:\/\/hgm-rack.at\/fr\/wp-json\/wp\/v2\/types\/product"}],"replies":[{"embeddable":true,"href":"https:\/\/hgm-rack.at\/fr\/wp-json\/wp\/v2\/comments?post=26005206"}],"wp:featuredmedia":[{"embeddable":true,"href":"https:\/\/hgm-rack.at\/fr\/wp-json\/wp\/v2\/media\/26004520"}],"wp:attachment":[{"href":"https:\/\/hgm-rack.at\/fr\/wp-json\/wp\/v2\/media?parent=26005206"}],"wp:term":[{"taxonomy":"product_brand","embeddable":true,"href":"https:\/\/hgm-rack.at\/fr\/wp-json\/wp\/v2\/product_brand?post=26005206"},{"taxonomy":"product_cat","embeddable":true,"href":"https:\/\/hgm-rack.at\/fr\/wp-json\/wp\/v2\/product_cat?post=26005206"},{"taxonomy":"product_tag","embeddable":true,"href":"https:\/\/hgm-rack.at\/fr\/wp-json\/wp\/v2\/product_tag?post=26005206"}],"curies":[{"name":"wp","href":"https:\/\/api.w.org\/{rel}","templated":true}]}}