{"id":26007259,"date":"2025-05-24T17:25:49","date_gmt":"2025-05-24T15:25:49","guid":{"rendered":"https:\/\/hgm-rack.at\/produkt\/eclairage-de-lenvironnement\/"},"modified":"2025-06-09T14:50:31","modified_gmt":"2025-06-09T12:50:31","slug":"eclairage-de-lenvironnement","status":"publish","type":"product","link":"https:\/\/hgm-rack.at\/fr\/produit\/eclairage-de-lenvironnement\/","title":{"rendered":"Eclairage de l&rsquo;environnement"},"content":{"rendered":"<p>\u00c9clairage d&rsquo;environnement \u00e0 monter sur la partie lat\u00e9rale avant ou arri\u00e8re de ta barre de toit Flexi 250, 300 ou 325. Sur le Flexi 325, il est \u00e9galement possible de le monter au centre. <\/p>\n<p>Si tu en installes deux d&rsquo;un c\u00f4t\u00e9, tu peux les connecter \u00e0 une sortie de ton<a href=\"https:\/\/hgm-rack.at\/fr\/produit\/commande-a-distance-des-phares\/\"> bo\u00eetier distant<\/a> \u00e0 l&rsquo;aide du jeu de c\u00e2bles fourni. Si tu montes un \u00e9clairage d&rsquo;ambiance des deux c\u00f4t\u00e9s, commande-en deux pour avoir deux c\u00e2bles de connexion. <\/p>\n","protected":false},"excerpt":{"rendered":"<p><strong>Eclairage p\u00e9riph\u00e9rique pour les parties lat\u00e9rales de ta galerie de toit<\/strong><\/p>\n","protected":false},"featured_media":26005354,"comment_status":"open","ping_status":"closed","template":"","meta":{"_acf_changed":false,"_et_pb_use_builder":"","_et_pb_old_content":"","_et_gb_content_width":""},"product_brand":[],"product_cat":[1092],"product_tag":[],"class_list":{"0":"post-26007259","1":"product","2":"type-product","3":"status-publish","4":"has-post-thumbnail","6":"product_cat-phare","7":"product_shipping_class-classe-dexpedition-small","8":"pa_anzahl-1xumfeldbeleuchtung-fr","9":"pa_anzahl-2xumfeldbeleuchtung-fuer-1-eine-seite-fr","11":"first","12":"instock","13":"taxable","14":"shipping-taxable","15":"purchasable","16":"product-type-variable"},"acf":[],"gallery_images":[25995117],"_links":{"self":[{"href":"https:\/\/hgm-rack.at\/fr\/wp-json\/wp\/v2\/product\/26007259","targetHints":{"allow":["GET"]}}],"collection":[{"href":"https:\/\/hgm-rack.at\/fr\/wp-json\/wp\/v2\/product"}],"about":[{"href":"https:\/\/hgm-rack.at\/fr\/wp-json\/wp\/v2\/types\/product"}],"replies":[{"embeddable":true,"href":"https:\/\/hgm-rack.at\/fr\/wp-json\/wp\/v2\/comments?post=26007259"}],"wp:featuredmedia":[{"embeddable":true,"href":"https:\/\/hgm-rack.at\/fr\/wp-json\/wp\/v2\/media\/26005354"}],"wp:attachment":[{"href":"https:\/\/hgm-rack.at\/fr\/wp-json\/wp\/v2\/media?parent=26007259"}],"wp:term":[{"taxonomy":"product_brand","embeddable":true,"href":"https:\/\/hgm-rack.at\/fr\/wp-json\/wp\/v2\/product_brand?post=26007259"},{"taxonomy":"product_cat","embeddable":true,"href":"https:\/\/hgm-rack.at\/fr\/wp-json\/wp\/v2\/product_cat?post=26007259"},{"taxonomy":"product_tag","embeddable":true,"href":"https:\/\/hgm-rack.at\/fr\/wp-json\/wp\/v2\/product_tag?post=26007259"}],"curies":[{"name":"wp","href":"https:\/\/api.w.org\/{rel}","templated":true}]}}