{"id":25993406,"date":"2024-09-22T13:51:48","date_gmt":"2024-09-22T11:51:48","guid":{"rendered":"https:\/\/hgm-rack.at\/spedizione-e-consegna\/"},"modified":"2024-09-22T13:51:49","modified_gmt":"2024-09-22T11:51:49","slug":"spedizione-e-consegna","status":"publish","type":"page","link":"https:\/\/hgm-rack.at\/it\/spedizione-e-consegna\/","title":{"rendered":"Spedizione e consegna"},"content":{"rendered":"<p>[et_pb_section fb_built=&#8221;1&#8243; _builder_version=&#8221;4.16&#8243; _module_preset=&#8221;default&#8221; global_colors_info=&#8221;{}&#8221;][et_pb_row _builder_version=&#8221;4.16&#8243; _module_preset=&#8221;default&#8221; global_colors_info=&#8221;{}&#8221;][et_pb_column type=&#8221;4_4&#8243; _builder_version=&#8221;4.16&#8243; _module_preset=&#8221;default&#8221; global_colors_info=&#8221;{}&#8221;][et_pb_text content_phone=&#8221;<\/p>\n<h1>Condizioni di spedizione<\/h1>\n<p>&#8221; content_last_edited=&#8221;off|desktop&#8221; _builder_version=&#8221;4.25.1&#8243; _module_preset=&#8221;ec5fe9ba-1303-4c9b-957c-2b5324f5035d&#8221; global_colors_info=&#8221;{}&#8221; hover_enabled=&#8221;0&#8243; sticky_enabled=&#8221;0&#8243;]<\/p>\n<h1>Spedizione e consegna<\/h1>\n<p>[\/et_pb_text][et_pb_divider color=&#8221;#CE0C0C&#8221; divider_weight_tablet=&#8221;&#8221; divider_weight_last_edited=&#8221;on|tablet&#8221; _builder_version=&#8221;4.25.1&#8243; _module_preset=&#8221;default&#8221; module_alignment=&#8221;left&#8221; hover_enabled=&#8221;0&#8243; module_alignment_phone=&#8221;left&#8221; module_alignment_last_edited=&#8221;off|desktop&#8221; saved_tabs=&#8221;all&#8221; global_colors_info=&#8221;{}&#8221; theme_builder_area=&#8221;post_content&#8221; sticky_enabled=&#8221;0&#8243; divider_weight_phone=&#8221;&#8221;][\/et_pb_divider][et_pb_text _builder_version=&#8221;4.25.1&#8243; _module_preset=&#8221;ec5fe9ba-1303-4c9b-957c-2b5324f5035d&#8221; header_2_text_align_last_edited=&#8221;off|desktop&#8221; header_2_text_align=&#8221;left&#8221; hover_enabled=&#8221;0&#8243; sticky_enabled=&#8221;0&#8243;]<\/p>\n<h2>Condizioni di spedizione<\/h2>\n<p>[\/et_pb_text][et_pb_divider color=&#8221;#CE0C0C&#8221; divider_weight_tablet=&#8221;&#8221; divider_weight_last_edited=&#8221;on|tablet&#8221; _builder_version=&#8221;4.25.1&#8243; _module_preset=&#8221;default&#8221; module_alignment=&#8221;left&#8221; hover_enabled=&#8221;0&#8243; module_alignment_phone=&#8221;left&#8221; module_alignment_last_edited=&#8221;off|desktop&#8221; saved_tabs=&#8221;all&#8221; global_colors_info=&#8221;{}&#8221; theme_builder_area=&#8221;post_content&#8221; sticky_enabled=&#8221;0&#8243; divider_weight_phone=&#8221;&#8221;][\/et_pb_divider][et_pb_text _builder_version=&#8221;4.25.1&#8243; _module_preset=&#8221;default&#8221; hover_enabled=&#8221;0&#8243; sticky_enabled=&#8221;0&#8243; custom_padding=&#8221;||40px||false|false&#8221;]<\/p>\n<p>Condizioni di consegna e spedizione: Gli ordini possono essere effettuati solo da persone di et\u00e0 superiore ai 18 anni.<\/p>\n<p>Se nella descrizione dell&#8217;articolo non \u00e8 specificato un altro termine, la consegna della merce in Austria avverr\u00e0 entro il termine precedentemente indicato dopo la conferma dell&#8217;ordine (in caso di pagamento anticipato concordato, dopo l&#8217;istruzione di pagamento o la ricezione da parte nostra). Si prega di notare che la domenica e i giorni festivi non si effettuano consegne. Se avete ordinato articoli con tempi di consegna diversi, spediremo la merce in una spedizione congiunta, a meno che non abbiamo preso accordi diversi con voi. In questo caso, il tempo di consegna \u00e8 determinato dall&#8217;articolo con il tempo di consegna pi\u00f9 lungo che avete ordinato.<\/p>\n<p>[\/et_pb_text][et_pb_text _builder_version=&#8221;4.25.1&#8243; _module_preset=&#8221;ec5fe9ba-1303-4c9b-957c-2b5324f5035d&#8221; header_2_text_align_last_edited=&#8221;off|desktop&#8221; header_2_text_align=&#8221;left&#8221; hover_enabled=&#8221;0&#8243; sticky_enabled=&#8221;0&#8243;]<\/p>\n<h2>Costi di spedizione<\/h2>\n<p>[\/et_pb_text][et_pb_divider color=&#8221;#CE0C0C&#8221; divider_weight_tablet=&#8221;&#8221; divider_weight_last_edited=&#8221;on|tablet&#8221; _builder_version=&#8221;4.25.1&#8243; _module_preset=&#8221;default&#8221; module_alignment=&#8221;left&#8221; hover_enabled=&#8221;0&#8243; module_alignment_phone=&#8221;left&#8221; module_alignment_last_edited=&#8221;off|desktop&#8221; saved_tabs=&#8221;all&#8221; global_colors_info=&#8221;{}&#8221; theme_builder_area=&#8221;post_content&#8221; sticky_enabled=&#8221;0&#8243; divider_weight_phone=&#8221;&#8221;][\/et_pb_divider][et_pb_text _builder_version=&#8221;4.25.1&#8243; _module_preset=&#8221;ec5fe9ba-1303-4c9b-957c-2b5324f5035d&#8221; hover_enabled=&#8221;0&#8243; sticky_enabled=&#8221;0&#8243; custom_padding=&#8221;||40px||false|false&#8221;]<\/p>\n<h3><strong>Gratuito<\/strong><\/h3>\n<p><strong>Da<\/strong> un  <strong>Carrello da 1.000\u20ac incluso.<br \/>\nIVA inclusa. <\/strong>  La spedizione \u00e8<strong> gratuita<\/strong> per i paesi disponibili.<br \/>\n<br \/>L&#8217;area di spedizione \u00e8 qualsiasi paese all&#8217;interno dell&#8217;Unione Europea. \u00c8 anche possibile acquistare i prodotti direttamente franco fabbrica senza costi di spedizione.  A tal fine, durante il processo di ordinazione \u00e8 necessario selezionare l&#8217;opzione &#8220;Raccolta in loco&#8221;.<\/p>\n<h3><strong>Spedizione a tariffa fissa<\/strong><\/h3>\n<p>A seconda del prodotto, viene utilizzata una tariffa forfettaria che prevede l&#8217;addebito una sola volta delle spese di spedizione pi\u00f9 costose. Le spese di spedizione vengono calcolate e visualizzate prima dell&#8217;acquisto.<\/p>\n<table border=\"1\" style=\"border-collapse: collapse; width: 100%; height: 48px;\">\n<tbody>\n<tr style=\"height: 24px;\">\n<td style=\"width: 16.6667%; height: 24px;\"><strong>Classe di spedizione<\/strong><\/td>\n<td style=\"width: 16.6667%; height: 24px;\">Piccolo<\/td>\n<td style=\"width: 16.6667%; height: 24px;\">Media<\/td>\n<td style=\"width: 16.6667%; height: 24px;\">Grande<\/td>\n<td style=\"width: 16.6667%; height: 24px;\">XXL<\/td>\n<\/tr>\n<tr style=\"height: 24px;\">\n<td style=\"width: 16.6667%; height: 24px;\"><strong>Prezzo<\/strong><\/td>\n<td style=\"width: 16.6667%; height: 24px;\">11,00 \u20ac incl. 20 % IVA<\/td>\n<td style=\"width: 16.6667%; height: 24px;\">19,00 \u20ac incl. 20 % IVA<\/td>\n<td style=\"width: 16.6667%; height: 24px;\">49,00 \u20ac incl. 20 % IVA<\/td>\n<td style=\"width: 16.6667%; height: 24px;\">139,00 \u20ac incl. 20 % IVA<\/td>\n<\/tr>\n<\/tbody>\n<\/table>\n<p>&nbsp;<\/p>\n<p>[\/et_pb_text][et_pb_text _builder_version=&#8221;4.25.1&#8243; _module_preset=&#8221;ec5fe9ba-1303-4c9b-957c-2b5324f5035d&#8221; header_2_text_align_last_edited=&#8221;off|desktop&#8221; header_2_text_align=&#8221;left&#8221; hover_enabled=&#8221;0&#8243; sticky_enabled=&#8221;0&#8243;]<\/p>\n<h2>Tempi di consegna<\/h2>\n<p>[\/et_pb_text][et_pb_divider color=&#8221;#CE0C0C&#8221; divider_weight_tablet=&#8221;&#8221; divider_weight_last_edited=&#8221;on|tablet&#8221; _builder_version=&#8221;4.25.1&#8243; _module_preset=&#8221;default&#8221; module_alignment=&#8221;left&#8221; hover_enabled=&#8221;0&#8243; module_alignment_phone=&#8221;left&#8221; module_alignment_last_edited=&#8221;off|desktop&#8221; saved_tabs=&#8221;all&#8221; global_colors_info=&#8221;{}&#8221; theme_builder_area=&#8221;post_content&#8221; sticky_enabled=&#8221;0&#8243; divider_weight_phone=&#8221;&#8221;][\/et_pb_divider][et_pb_text _builder_version=&#8221;4.25.1&#8243; _module_preset=&#8221;default&#8221; hover_enabled=&#8221;0&#8243; sticky_enabled=&#8221;0&#8243; custom_padding=&#8221;||40px||false|false&#8221;]<\/p>\n<p><span>I<strong> tempi di consegna sono generalmente<\/strong> compresi tra i <strong>3 e i 10 giorni lavorativi,<\/strong> salvo diversa indicazione.<\/span><br \/><span>Fanno eccezione i prodotti etichettati con spedizione speciale.<\/span><\/p>\n<p>[\/et_pb_text][et_pb_text _builder_version=&#8221;4.25.1&#8243; _module_preset=&#8221;ec5fe9ba-1303-4c9b-957c-2b5324f5035d&#8221; header_2_text_align_last_edited=&#8221;off|desktop&#8221; header_2_text_align=&#8221;left&#8221; hover_enabled=&#8221;0&#8243; sticky_enabled=&#8221;0&#8243;]<\/p>\n<h2>Esempi di spedizioni<\/h2>\n<p>[\/et_pb_text][et_pb_divider color=&#8221;#CE0C0C&#8221; divider_weight_tablet=&#8221;&#8221; divider_weight_last_edited=&#8221;on|tablet&#8221; _builder_version=&#8221;4.25.1&#8243; _module_preset=&#8221;default&#8221; module_alignment=&#8221;left&#8221; hover_enabled=&#8221;0&#8243; module_alignment_phone=&#8221;left&#8221; module_alignment_last_edited=&#8221;off|desktop&#8221; saved_tabs=&#8221;all&#8221; global_colors_info=&#8221;{}&#8221; theme_builder_area=&#8221;post_content&#8221; sticky_enabled=&#8221;0&#8243; divider_weight_phone=&#8221;&#8221;][\/et_pb_divider][et_pb_text _builder_version=&#8221;4.25.1&#8243; _module_preset=&#8221;default&#8221; hover_enabled=&#8221;0&#8243; sticky_enabled=&#8221;0&#8243; custom_padding=&#8221;||40px||false|false&#8221;]<\/p>\n<p>Nel caso di spedizioni di campioni a pagamento, la spedizione verr\u00e0 effettuata immediatamente dopo il ricevimento del pagamento. Costi di spedizione: La spedizione viene effettuata tramite consegna standard entro i tempi di consegna validi del rispettivo produttore franco di marciapiede scaricato nel rispettivo valore della merce con sovrapprezzo &#8211; tempi di consegna di 2-10 settimane; informazioni pi\u00f9 precise possono essere richieste a noi a seconda del prodotto e del produttore. Tuttavia, se una consegna \u00e8 suddivisa in pi\u00f9 spedizioni, la tassa di consegna deve essere pagata una sola volta.<\/p>\n<p>[\/et_pb_text][\/et_pb_column][\/et_pb_row][\/et_pb_section]<\/p>\n","protected":false},"excerpt":{"rendered":"<p>Spedizione e consegnaCondizioni di spedizioneCondizioni di consegna e spedizione: Gli ordini possono essere effettuati solo da persone di et\u00e0 superiore ai 18 anni. Se nella descrizione dell&#8217;articolo non \u00e8 specificato un altro termine, la consegna della merce in Austria avverr\u00e0 entro il termine precedentemente indicato dopo la conferma dell&#8217;ordine (in caso di pagamento anticipato concordato, [&hellip;]<\/p>\n","protected":false},"author":2,"featured_media":0,"parent":0,"menu_order":0,"comment_status":"closed","ping_status":"closed","template":"","meta":{"_acf_changed":false,"_et_pb_use_builder":"on","_et_pb_old_content":"","_et_gb_content_width":"","footnotes":""},"class_list":["post-25993406","page","type-page","status-publish","hentry"],"acf":[],"_links":{"self":[{"href":"https:\/\/hgm-rack.at\/it\/wp-json\/wp\/v2\/pages\/25993406","targetHints":{"allow":["GET"]}}],"collection":[{"href":"https:\/\/hgm-rack.at\/it\/wp-json\/wp\/v2\/pages"}],"about":[{"href":"https:\/\/hgm-rack.at\/it\/wp-json\/wp\/v2\/types\/page"}],"author":[{"embeddable":true,"href":"https:\/\/hgm-rack.at\/it\/wp-json\/wp\/v2\/users\/2"}],"replies":[{"embeddable":true,"href":"https:\/\/hgm-rack.at\/it\/wp-json\/wp\/v2\/comments?post=25993406"}],"version-history":[{"count":2,"href":"https:\/\/hgm-rack.at\/it\/wp-json\/wp\/v2\/pages\/25993406\/revisions"}],"predecessor-version":[{"id":25993410,"href":"https:\/\/hgm-rack.at\/it\/wp-json\/wp\/v2\/pages\/25993406\/revisions\/25993410"}],"wp:attachment":[{"href":"https:\/\/hgm-rack.at\/it\/wp-json\/wp\/v2\/media?parent=25993406"}],"curies":[{"name":"wp","href":"https:\/\/api.w.org\/{rel}","templated":true}]}}