{"id":25993427,"date":"2024-09-22T13:51:56","date_gmt":"2024-09-22T11:51:56","guid":{"rendered":"https:\/\/hgm-rack.at\/galleria\/"},"modified":"2024-09-22T13:51:57","modified_gmt":"2024-09-22T11:51:57","slug":"galleria","status":"publish","type":"page","link":"https:\/\/hgm-rack.at\/it\/galleria\/","title":{"rendered":"Galleria"},"content":{"rendered":"<p>[et_pb_section fb_built=&#8221;1&#8243; fullwidth=&#8221;on&#8221; _builder_version=&#8221;4.16&#8243; _module_preset=&#8221;default&#8221; locked=&#8221;off&#8221; global_colors_info=&#8221;{}&#8221;][et_pb_fullwidth_header title=&#8221;Trovate l&#039;ispirazione nella nostra galleria clienti.&#8221; background_overlay_color=&#8221;rgba(0,0,0,0.33)&#8221; header_image_url_tablet=&#8221;&#8221; header_image_url_phone=&#8221;&#8221; header_image_url_last_edited=&#8221;on|phone&#8221; module_class=&#8221;default-header no-line&#8221; _builder_version=&#8221;4.18.0&#8243; _module_preset=&#8221;default&#8221; title_text_color=&#8221;#FFFFFF&#8221; title_font_size=&#8221;40px&#8221; content_text_color=&#8221;#FFFFFF&#8221; background_color=&#8221;#F4F4F4&#8243; background_image=&#8221;https:\/\/hgm-rack.at\/wp-content\/uploads\/2021\/03\/T5_182-und-T5_122-nebeneinander-7.jpg&#8221; custom_margin=&#8221;||||false|false&#8221; custom_padding=&#8221;300px||300px||true|false&#8221; custom_padding_tablet=&#8221;100px||100px||true|false&#8221; custom_padding_phone=&#8221;50px||50px||true|false&#8221; custom_padding_last_edited=&#8221;on|phone&#8221; title_font_size_tablet=&#8221;33px&#8221; title_font_size_phone=&#8221;&#8221; title_font_size_last_edited=&#8221;on|phone&#8221; global_colors_info=&#8221;{%22gcid-2b632882-c823-460d-81ea-b920ef000dc0%22:%91%93,%22gcid-61fca462-ab62-4a79-9906-7cee76842401%22:%91%93,%22gcid-fda3dd49-cf62-4573-911e-e7fbf318a93d%22:%91%93,%22gcid-fc3ceb56-59f8-4535-93cf-59996b5258cb%22:%91%93}&#8221;]<\/p>\n<p>I clienti soddisfatti e i loro portapacchi si trovano nella nostra galleria.<\/p>\n<p>[\/et_pb_fullwidth_header][\/et_pb_section][et_pb_section fb_built=&#8221;1&#8243; _builder_version=&#8221;4.16&#8243; _module_preset=&#8221;default&#8221; global_colors_info=&#8221;{}&#8221;][et_pb_row _builder_version=&#8221;4.16&#8243; locked=&#8221;off&#8221; global_colors_info=&#8221;{}&#8221;][et_pb_column type=&#8221;4_4&#8243; _builder_version=&#8221;4.16&#8243; custom_padding=&#8221;|||&#8221; global_colors_info=&#8221;{}&#8221; custom_padding__hover=&#8221;|||&#8221;][et_pb_text admin_label=&#8221;Default Header&#8221; module_class=&#8221;default-header&#8221; _builder_version=&#8221;4.16&#8243; header_text_align=&#8221;left&#8221; module_alignment=&#8221;right&#8221; global_colors_info=&#8221;{}&#8221;]<\/p>\n<h1>La nostra galleria clienti<\/h1>\n<p><span style=\"font-size: 17px\">Scoprire nuove idee o condividerle.<\/span><span style=\"font-size: 17px\"><\/span><\/p>\n<p>[\/et_pb_text][et_pb_text content_last_edited=&#8221;off|desktop&#8221; _builder_version=&#8221;4.18.0&#8243; _module_preset=&#8221;default&#8221; global_colors_info=&#8221;{}&#8221;]<\/p>\n<p>Abbiamo ricevuto sempre pi\u00f9 foto di clienti. Ecco perch\u00e9 abbiamo deciso di condividere la gioia con tutti. \u00c8 sempre una bella sensazione che i nostri prodotti incontrino una cos\u00ec grande soddisfazione. Se vuoi, puoi anche<a href=\"mailto:office@hgm-rack.at\" target=\"_blank\" rel=\"noopener\" title=\"Posta a office-hgm.rack\"> inviarci il tuo scatto<\/a>.<\/p>\n<p>[\/et_pb_text][\/et_pb_column][\/et_pb_row][et_pb_row _builder_version=&#8221;4.16&#8243; _module_preset=&#8221;default&#8221; global_colors_info=&#8221;{}&#8221;][et_pb_column type=&#8221;4_4&#8243; _builder_version=&#8221;4.16&#8243; _module_preset=&#8221;default&#8221; global_colors_info=&#8221;{}&#8221;][dipi_filterable_gallery include_term_ids=&#8221;418,421,422&#8243; pagination_type=&#8221;load_more&#8221; images_per_page=&#8221;20&#8243; load_more_text=&#8221;Mehr Bilder laden&#8221; filter_tab_alignment=&#8221;start&#8221; all_filter_label=&#8221;Alle Bilder&#8221; columns=&#8221;3&#8243; fix_lazy=&#8221;on&#8221; use_overlay=&#8221;on&#8221; icon_in_overlay=&#8221;on&#8221; hover_icon=&#8221;0||divi||400&#8243; overlay_bg_color=&#8221;RGBA(255,255,255,0)&#8221; overlay_icon_color=&#8221;#FFFFFF&#8221; overlay_icon_use_circle=&#8221;off&#8221; overlay_icon_use_icon_font_size=&#8221;on&#8221; overlay_icon_font_size=&#8221;30px&#8221; filter_bar_padding=&#8221;10px|0px|10px|0px|true|false&#8221; filter_bar_background_color=&#8221;RGBA(255,255,255,0)&#8221; filter_bar_item_padding=&#8221;5px|20px|5px|20px|false|true&#8221; filter_bar_item_padding_active=&#8221;5px|25px|5px|25px|false|false&#8221; filter_bar_item_background_color=&#8221;gcid-fda3dd49-cf62-4573-911e-e7fbf318a93d&#8221; filter_bar_item_background_color_active=&#8221;#E02B20&#8243; columns_tablet=&#8221;2&#8243; columns_phone=&#8221;1&#8243; columns_last_edited=&#8221;on|phone&#8221; _builder_version=&#8221;4.18.0&#8243; _module_preset=&#8221;default&#8221; filter_bar_normal_text_color=&#8221;#000000&#8243; filter_bar_normal_font_size=&#8221;14px&#8221; filter_bar_normal_letter_spacing=&#8221;1px&#8221; filter_bar_active_text_align=&#8221;center&#8221; filter_bar_active_text_color=&#8221;#FFFFFF&#8221; filter_bar_active_font_size=&#8221;14px&#8221; filter_bar_normal_font_size_tablet=&#8221;14px&#8221; filter_bar_normal_font_size_phone=&#8221;12px&#8221; filter_bar_normal_font_size_last_edited=&#8221;on|phone&#8221; filter_bar_active_font_size_tablet=&#8221;14px&#8221; filter_bar_active_font_size_phone=&#8221;12px&#8221; filter_bar_active_font_size_last_edited=&#8221;on|phone&#8221; border_radii_filter_bar_item=&#8221;on|50px|50px|50px|50px&#8221; border_radii_filter_bar_item_active=&#8221;on|50px|50px|50px|50px&#8221; locked=&#8221;off&#8221; global_colors_info=&#8221;{%22gcid-fda3dd49-cf62-4573-911e-e7fbf318a93d%22:%91%22filter_bar_item_background_color%22%93}&#8221; _i=&#8221;0&#8243; _address=&#8221;1.1.0.0&#8243; \/][dipl_masonry_gallery _builder_version=&#8221;4.25.0&#8243; _module_preset=&#8221;default&#8221; hover_enabled=&#8221;0&#8243; sticky_enabled=&#8221;0&#8243;][\/dipl_masonry_gallery][\/et_pb_column][\/et_pb_row][\/et_pb_section]<\/p>\n","protected":false},"excerpt":{"rendered":"<p>I clienti soddisfatti e i loro portapacchi si trovano nella nostra galleria.La nostra galleria clienti Scoprire nuove idee o condividerle.Abbiamo ricevuto sempre pi\u00f9 foto di clienti. Ecco perch\u00e9 abbiamo deciso di condividere la gioia con tutti. \u00c8 sempre una bella sensazione che i nostri prodotti incontrino una cos\u00ec grande soddisfazione. Se vuoi, puoi anche inviarci [&hellip;]<\/p>\n","protected":false},"author":2,"featured_media":0,"parent":0,"menu_order":0,"comment_status":"closed","ping_status":"closed","template":"","meta":{"_acf_changed":false,"_et_pb_use_builder":"on","_et_pb_old_content":"","_et_gb_content_width":"","footnotes":""},"class_list":["post-25993427","page","type-page","status-publish","hentry"],"acf":[],"_links":{"self":[{"href":"https:\/\/hgm-rack.at\/it\/wp-json\/wp\/v2\/pages\/25993427","targetHints":{"allow":["GET"]}}],"collection":[{"href":"https:\/\/hgm-rack.at\/it\/wp-json\/wp\/v2\/pages"}],"about":[{"href":"https:\/\/hgm-rack.at\/it\/wp-json\/wp\/v2\/types\/page"}],"author":[{"embeddable":true,"href":"https:\/\/hgm-rack.at\/it\/wp-json\/wp\/v2\/users\/2"}],"replies":[{"embeddable":true,"href":"https:\/\/hgm-rack.at\/it\/wp-json\/wp\/v2\/comments?post=25993427"}],"version-history":[{"count":1,"href":"https:\/\/hgm-rack.at\/it\/wp-json\/wp\/v2\/pages\/25993427\/revisions"}],"predecessor-version":[{"id":25993431,"href":"https:\/\/hgm-rack.at\/it\/wp-json\/wp\/v2\/pages\/25993427\/revisions\/25993431"}],"wp:attachment":[{"href":"https:\/\/hgm-rack.at\/it\/wp-json\/wp\/v2\/media?parent=25993427"}],"curies":[{"name":"wp","href":"https:\/\/api.w.org\/{rel}","templated":true}]}}