{"id":25993333,"date":"2021-03-05T15:22:47","date_gmt":"2021-03-05T14:22:47","guid":{"rendered":"https:\/\/hgm-rack.at\/produkt\/portapacchi-flexi\/"},"modified":"2025-06-18T21:07:46","modified_gmt":"2025-06-18T19:07:46","slug":"portapacchi-flexi","status":"publish","type":"product","link":"https:\/\/hgm-rack.at\/it\/prodotto\/portapacchi-flexi\/","title":{"rendered":"Staffa portatutto Flexi VW T5"},"content":{"rendered":"<h2>Staffa portatutto Flexi VW T5<\/h2>\n<p>La staffa portatutto Flexi VW T5 \u00e8 la soluzione perfetta per chi cerca una staffa portatutto robusta, flessibile e facile da installare per il proprio progetto di fai da te. Queste staffe non solo offrono un \u201calta qualit\u00e0 e una rapida installazione, ma anche una personalizzazione ideale per qualsiasi progetto di fai da te. Grazie al design sofisticato, anche i meccanici meno esperti possono facilmente fissare le staffe al proprio veicolo e quindi aggiornare la propria VW T5 per un\u201d ampia variet\u00e0 di applicazioni.  <\/p>\n<p><strong>Montaggio semplice: ideale per i progetti di bricolage<\/strong><\/p>\n<p>Le staffe portatutto Flexi sono caratterizzate da un&#8217;installazione particolarmente semplice. Non sono necessarie particolari conoscenze preliminari per fissare le staffe al veicolo. Istruzioni dettagliate ti guidano passo dopo passo nel processo di installazione, in modo che tu possa montare il portapacchi perfetto in modo rapido e sicuro anche senza molta esperienza. Questo \u00e8 un grande vantaggio, soprattutto per gli amanti del fai-da-te: puoi realizzare i tuoi progetti da solo con il minimo sforzo e godere della comodit\u00e0 di un portapacchi personalizzato.   <\/p>\n<p><strong>Regolabile in altezza: flessibilit\u00e0 d&#8217;uso<\/strong><\/p>\n<p>Una caratteristica eccezionale della staffa portatutto Flexi \u00e8 la sua regolabilit\u00e0 in altezza. La staffa pu\u00f2 essere regolata in un intervallo compreso tra 63 e 78 mm. Questo ti offre la flessibilit\u00e0 necessaria per adattare il portapacchi in modo ideale ai requisiti specifici del tuo veicolo e del tuo carico. Sia che tu stia trasportando oggetti ingombranti o che tu voglia fissare materiali delicati sul tetto della tua VW T5, l&#8217;adattabilit\u00e0 delle staffe Flexi garantisce un fissaggio sicuro e stabile delle traverse.   <\/p>\n<p><strong>Corpo piatto &#8211; ideale per il VW T5<\/strong><\/p>\n<p>Grazie alle dimensioni perfettamente adattate, al centro del tetto del VW T5 c&#8217;\u00e8 ancora uno spazio di circa 2 cm rispetto al tetto nella posizione pi\u00f9 bassa. Ci\u00f2 corrisponde a un aumento dell&#8217;altezza di 6-7 cm se si utilizzano <a href=\"https:\/\/hgm-rack.at\/it\/prodotto\/traversa-standard\/\">profili in alluminio 40&#215;40<\/a>. Questa altezza ridotta garantisce una struttura particolarmente piatta, che non solo migliora l&#8217;aerodinamica del veicolo, ma riduce anche la resistenza dell&#8217;aria e il consumo di carburante. Allo stesso tempo, c&#8217;\u00e8 spazio a sufficienza per fissare in modo sicuro il carico sul tetto senza che il portapacchi comprometta l&#8217;aspetto o la funzionalit\u00e0 del veicolo. Grazie a queste staffe per portapacchi, potrai sfruttare al meglio la VW T5 per i tuoi progetti di trasporto o di viaggio.    <\/p>\n<p><strong>Robusta e affidabile, pronta per qualsiasi avventura<\/strong><\/p>\n<p>Le nostre staffe per portapacchi Flexi VW T5 non sono solo facili da installare, ma anche estremamente robuste. L&#8217;alta qualit\u00e0 dei materiali utilizzati fa s\u00ec che le staffe funzionino in modo affidabile anche in condizioni difficili. Se percorri regolarmente lunghe distanze, viaggi in condizioni climatiche diverse o devi trasportare carichi pesanti, le staffe Flexi ti offrono la stabilit\u00e0 e la durata necessarie per trasportare la tua attrezzatura in modo sicuro e goderti i tuoi viaggi senza preoccupazioni.  <\/p>\n<p><strong>Perfetto per ogni progetto e per ogni viaggio<\/strong><\/p>\n<p>Con il supporto per portapacchi Flexi per VW T5 hai al tuo fianco un partner adatto sia all&#8217;uso privato che a quello commerciale. Che si tratti di gite nel weekend, vacanze in campeggio o trasporto professionale di attrezzature, queste staffe ti offrono la versatilit\u00e0 necessaria per sfruttare al meglio i tuoi progetti e i tuoi viaggi. <\/p>\n<p>Affidati alla qualit\u00e0, alla flessibilit\u00e0 e alla maneggevolezza: con il portapacchi Flexi per la VW T5 hai la base ideale per ogni avventura. Crea il tuo portatutto perfetto e scopri quanto pu\u00f2 essere facile e comodo trasportare i carichi! <\/p>\n<h3>Staffa portatutto Flexi VW T5, cosa \u00e8 incluso nella fornitura?<\/h3>\n<ul>\n<li>Parte inferiore del supporto Flexi con guarnizione (acciaio inox da 3 mm)<\/li>\n<li>Parte superiore del supporto Flexi (acciaio inox da 3 mm)<\/li>\n<li>Set di viti<\/li>\n<li>Ganci di sicurezza in plastica per la regolazione dell&#8217;altezza<\/li>\n<\/ul>\n<p>Vuoi sapere cosa aspettarti durante l&#8217;installazione? Dai un&#8217;occhiata al nostro <a href=\"https:\/\/www.youtube.com\/watch?v=8QSfa3_qDdg\" rel=\"nofollow noopener\" target=\"_blank\">video di installazione <\/a>. Se ordini un Roofrack Flexi 250 o Flexi 300, le staffe sono ovviamente incluse nella fornitura.  <\/p>\n<p>Il team di HGM-Rack ti augura buon divertimento nella costruzione del tuo portatutto!<\/p>\n","protected":false},"excerpt":{"rendered":"<div class=\"flex-1 overflow-hidden @container\/thread\">\n<div class=\"h-full\">\n<div class=\"react-scroll-to-bottom--css-tjlwy-79elbk h-full\">\n<div class=\"react-scroll-to-bottom--css-tjlwy-1n7m0yu\">\n<div class=\"flex flex-col text-sm md:pb-9\">\n<article class=\"w-full scroll-mb-[var(--thread-trailing-height,150px)] text-token-text-primary focus-visible:outline-2 focus-visible:outline-offset-[-4px]\" dir=\"auto\" data-testid=\"conversation-turn-3\" data-scroll-anchor=\"true\">\n<div class=\"m-auto text-base py-[18px] px-3 md:px-4 w-full md:px-5 lg:px-4 xl:px-5\">\n<div class=\"mx-auto flex flex-1 gap-4 text-base md:gap-5 lg:gap-6 md:max-w-3xl\">\n<div class=\"group\/conversation-turn relative flex w-full min-w-0 flex-col agent-turn\">\n<div class=\"flex-col gap-1 md:gap-3\">\n<div class=\"flex max-w-full flex-col flex-grow\">\n<div class=\"min-h-8 text-message flex w-full flex-col items-end gap-2 whitespace-normal break-words text-start [.text-message+&amp;]:mt-5\" dir=\"auto\" data-message-author-role=\"assistant\" data-message-id=\"12956d86-1f3b-48a6-aa6b-a8ff82a0ca51\" data-message-model-slug=\"gpt-4o-mini\">\n<div class=\"flex w-full flex-col gap-1 empty:hidden first:pt-[3px]\">\n<div class=\"markdown prose w-full break-words dark:prose-invert light\">\n<h1><strong>Supporto per portapacchi Flexi VW T5 &#8211; Il compagno ideale per ogni avventura<\/strong><\/h1>\n<p>&nbsp;<\/p>\n<\/div>\n<\/div>\n<\/div>\n<\/div>\n<div class=\"mb-2 flex gap-3 empty:hidden -ml-2\">\n<div class=\"items-center justify-start rounded-xl p-1 flex\">\n<div class=\"flex items-center\"><\/div>\n<\/div>\n<\/div>\n<div class=\"pr-2 lg:pr-0\"><\/div>\n<div class=\"mt-3 w-full empty:hidden\">\n<div class=\"text-center\"><\/div>\n<\/div>\n<\/div>\n<div class=\"absolute\">\n<div class=\"flex items-center justify-center\"><\/div>\n<\/div>\n<\/div>\n<\/div>\n<\/div>\n<\/article>\n<\/div>\n<\/div>\n<\/div>\n<\/div>\n<\/div>\n<div class=\"md:pt-0 dark:border-white\/20 md:border-transparent md:dark:border-transparent w-full\">\n<div>\n<div class=\"m-auto text-base px-3 md:px-4 w-full md:px-5 lg:px-4 xl:px-5\">\n<div class=\"mx-auto flex flex-1 gap-4 text-base md:gap-5 lg:gap-6 md:max-w-3xl\">\n<div class=\"flex justify-center\"><\/div>\n<\/div>\n<\/div>\n<\/div>\n<\/div>\n<p>&nbsp;<\/p>\n","protected":false},"featured_media":26008896,"comment_status":"open","ping_status":"closed","template":"","meta":{"_acf_changed":false,"_et_pb_use_builder":"off","_et_pb_old_content":"<strong>Staffa portatutto VW T5 \/ T6<\/strong>\n\nLe nostre staffe per portatutto sono pensate per tutti coloro che vogliono realizzare la propria idea di portatutto. Grazie all \u201caltezza regolabile, la nostra staffa portatutto per VW T5 \/ T6 si adatta a qualsiasi posizione del veicolo; basta regolare l\u201d altezza secondo le istruzioni di installazione. Per montare la nostra staffa, consigliamo di montare 8 staffe sul bus VW con passo corto e 10 con passo lungo.  \n\n<strong>Materiale: <\/strong>Le nostre staffe sono realizzate in acciaio inox da 3 mm e poi verniciate a polvere in due strati.\n\n<strong>Montaggio sul veicolo:<\/strong> La nostra staffa per portapacchi VW T5 \/T6 viene fornita con una guarnizione. Non \u00e8 necessario alcun sigillante aggiuntivo. Il tutto pu\u00f2 essere rimosso senza lasciare residui!  \n\n<strong>Capacit\u00e0 di carico: <\/strong>se si utilizzano profili in alluminio 40x40, la capacit\u00e0 di carico \u00e8 di 75 kg per traversa! (2 staffe) \n\n<strong>Dado a doppia fessura: <\/strong>se stai realizzando il tuo progetto di portapacchi fai da te con profili in alluminio 40x40, ti consigliamo di ordinare le staffe comprensive di <strong>dado a fessura <\/strong>. Per le altre traverse, invece, dovrai utilizzare viti ecc. \n\n<strong>Non adatto a veicoli con guida a C!<\/strong>\n\n<span lang=\"DE\">Rispettare sempre i rispettivi valori massimi. Carico utile del tuo veicolo e leggi del tuo Paese.\nTutte le informazioni non sono garantite.<\/span>\n\n\u00a0\n\n\u00a0\n<ul>\n \t<li class=\"Text\"><span lang=\"DE\">1x staffa portatutto VW T5 \/ T6<\/span><\/li>\n \t<li class=\"Text\"><span lang=\"DE\">1x accessori di montaggio (viti + dadi, guarnizione in silicone, piastre in plastica, rondella di sicurezza in metallo)  <\/span><\/li>\n<\/ul>","_et_gb_content_width":""},"product_brand":[],"product_cat":[1148,1121,1125],"product_tag":[],"class_list":{"0":"post-25993333","1":"product","2":"type-product","3":"status-publish","4":"has-post-thumbnail","6":"product_cat-portapacchi","7":"product_cat-vw-it","8":"product_cat-vw-t5-it","9":"product_shipping_class-classe-di-spedizione-piccola","10":"pa_material-acciaio-inossidabile-di-alta-qualita-da-3-mm","11":"pa_traglast-75-kg-per-corpo-con-la-nostra-traversa-standard-su-2-dei-nostri-supporti-per-portapacchi-flexi-o-ftc","12":"pa_zubehoer-escl-dado-per-profilo-in-alluminio-40x40","13":"pa_zubehoer-incl-dado-per-profilo-in-alluminio-40x40","15":"first","16":"instock","17":"taxable","18":"shipping-taxable","19":"purchasable","20":"product-type-variable"},"acf":[],"gallery_images":[26008901,26008907,26008922],"_links":{"self":[{"href":"https:\/\/hgm-rack.at\/it\/wp-json\/wp\/v2\/product\/25993333","targetHints":{"allow":["GET"]}}],"collection":[{"href":"https:\/\/hgm-rack.at\/it\/wp-json\/wp\/v2\/product"}],"about":[{"href":"https:\/\/hgm-rack.at\/it\/wp-json\/wp\/v2\/types\/product"}],"replies":[{"embeddable":true,"href":"https:\/\/hgm-rack.at\/it\/wp-json\/wp\/v2\/comments?post=25993333"}],"wp:featuredmedia":[{"embeddable":true,"href":"https:\/\/hgm-rack.at\/it\/wp-json\/wp\/v2\/media\/26008896"}],"wp:attachment":[{"href":"https:\/\/hgm-rack.at\/it\/wp-json\/wp\/v2\/media?parent=25993333"}],"wp:term":[{"taxonomy":"product_brand","embeddable":true,"href":"https:\/\/hgm-rack.at\/it\/wp-json\/wp\/v2\/product_brand?post=25993333"},{"taxonomy":"product_cat","embeddable":true,"href":"https:\/\/hgm-rack.at\/it\/wp-json\/wp\/v2\/product_cat?post=25993333"},{"taxonomy":"product_tag","embeddable":true,"href":"https:\/\/hgm-rack.at\/it\/wp-json\/wp\/v2\/product_tag?post=25993333"}],"curies":[{"name":"wp","href":"https:\/\/api.w.org\/{rel}","templated":true}]}}