{"id":25993428,"date":"2021-08-20T12:35:00","date_gmt":"2024-09-22T11:51:56","guid":{"rendered":"https:\/\/hgm-rack.at\/produkt\/mobileblack-155w-sistema-solare-completo\/"},"modified":"2024-09-22T13:51:56","modified_gmt":"2024-09-22T11:51:56","slug":"mobileblack-155w-sistema-solare-completo","status":"publish","type":"product","link":"https:\/\/hgm-rack.at\/it\/prodotto\/mobileblack-155w-sistema-solare-completo\/","title":{"rendered":"MobileBlack 155W Sistema solare completo"},"content":{"rendered":"<p>Questo sistema completo contiene tutto il necessario per ricaricare le batterie e\/o gli accumulatori in movimento. Il doppio regolatore incluso nel set consente di caricare contemporaneamente le batterie di bordo e la batteria di avviamento, poich\u00e9 dispone di un&#8217;uscita di carica secondaria corrispondente. La fornitura comprende un ampio materiale informativo che spiega passo dopo passo l&#8217;installazione e il collegamento.  <strong>La fornitura dell&#8217;impianto solare MobileBlack 155W comprende<\/strong><\/p>\n<ul>\n<li>1x Modulo solare Offgridtec\u00ae OLP 155W 12W PERC con tecnologia shingle<\/li>\n<li>1x Pressacavo Offgridtec ABS 1-fold &#8211; nero con pressacavo PEG impermeabile<\/li>\n<li>1x Profili di montaggio Offgridtec 68cm in ABS (1 coppia) &#8211; per il montaggio dei moduli solari in nero<\/li>\n<li>1x Offgridtec 8m 2x6mm H07RNF &#8211; cavo di collegamento tra modulo solare e regolatore di carica solare nel design della roulotte<\/li>\n<li>1x Cavo di collegamento alla batteria Offgridtec 1,5m 2x6mm 30A &#8211; cavo di collegamento tra regolatore di carica solare e batteria con terminali della batteria e capocorda M8 di collegamento<\/li>\n<li>1x regolatore di carica solare doppio MPPT Offgridtec\u00ae 30A con carica ausiliaria e uscita di commutazione AES<\/li>\n<li>1x display remoto per il regolatore di carica MPPT Pro Duo<\/li>\n<li>1x set adesivo Dekalin con adesivo polimerico Dekasyl MS-5, collante Dekavator, panno per la pulizia e istruzioni per l&#8217;uso<\/li>\n<li>1x cavo di prolunga MC-4 50 cm per il collegamento di un cavo di connessione situato sul modulo con il cavo di connessione del modulo<\/li>\n<\/ul>\n<h3>Il regolatore di carica solare Offgridtec\u00ae MPPT Pro Duo 30A<\/h3>\n<p>  Il controller MPPT Pro duo pu\u00f2 elaborare una corrente di carica massima di 30A. Ci\u00f2 significa che questo sistema \u00e8 teoricamente espandibile fino a quasi 400 W di potenza dei moduli solari; tuttavia, tenendo conto della selezione dei moduli (espansione solo con pannelli identici), l&#8217;espansione di un massimo di 1 modulo sarebbe probabilmente la pi\u00f9 sensata con questo sistema. Inoltre, l&#8217;unit\u00e0 dispone di un&#8217;uscita di carica secondaria che consente di caricare la batteria di avviamento in parallelo con la batteria di bordo durante i periodi di sosta pi\u00f9 lunghi, una caratteristica sicuramente molto apprezzata nelle case mobili. Per garantire un&#8217;efficienza davvero ottimale, l&#8217;apparecchio dispone anche di un&#8217;uscita di commutazione AES, che consente ai frigoriferi dotati di &#8220;AES&#8221; di passare automaticamente dal funzionamento a gas a quello a 12 V in presenza di un eccesso di energia solare.  <\/p>\n<ul>\n<li>Corrente di carica massima 30A &#8211; Potenza del modulo 390W teoricamente utilizzabile<\/li>\n<li>Uscita di carico da 30A per utenze a 12V direttamente sul regolatore di carica<\/li>\n<li>Il chiaro display remoto consente di montare il controller in punti difficili da raggiungere del veicolo senza limitare il funzionamento e la panoramica dei parametri del sistema.<\/li>\n<li>Segnale di controllo AES per il frigorifero dell&#8217;auto per evitare sprechi di energia<\/li>\n<li>Tensione d&#8217;ingresso FV massima 100V<\/li>\n<li>Controllo del circuito digitale della modalit\u00e0 di carica adattativa a tre stadi per migliorare la durata della batteria<\/li>\n<li>Tecnologia di tracciamento Max Power-Point con velocit\u00e0 di tracciamento ultraveloce e un&#8217;efficienza di tracciamento garantita di almeno il 99,5%.<\/li>\n<li>Dimensioni: 24,7 cm x 16,5 cm x 6,9 cm (LxLxA)<\/li>\n<li>Peso: 1,4KG<\/li>\n<li>Consumo di energia: 26mA a 12V<\/li>\n<li>Equalizzazione attiva della temperatura per una carica ottimale e una lunga durata della batteria<\/li>\n<li>Supporto per tutti i principali tipi di batteria (piombo acido, AGM, GEL, LiFePo4)<\/li>\n<li>Max. Efficienza: 98<\/li>\n<li>controllabile via Bluetooth (\u00e8 necessario un dongle separato art. 8-01-011271) &#8211; SOLO PER DISPOSITIVI ANDROID<\/li>\n<\/ul>\n<h3>Il modulo solare OLP da 155W con la pi\u00f9 recente tecnologia delle tegole<\/h3>\n<p>  Il modulo solare OLP da 155W con tecnologia PERC utilizzato nel sistema colpisce da un lato per il design unico del modulo con disposizione dei wafer sovrapposti (overlapping design), dall&#8217;altro per l&#8217;elevata efficienza del modulo, che lo rende particolarmente interessante per le applicazioni sui veicoli a causa dello spazio limitato disponibile.  <\/p>\n<ul>\n<li>Tensione del modulo (Vmp): 21,8V<\/li>\n<li>Max. Corrente (Imp): 7,11A<\/li>\n<li>Tensione a circuito aperto (Voc): 25,7V<\/li>\n<li>Corrente di corto circuito (Isc): 7,54A<\/li>\n<li>Efficienza delle celle: &gt;23%<\/li>\n<li>Temperatura ambiente: -40\u00b0C &#8211; +85\u00b0C<\/li>\n<li>Potenza del coefficiente di temperatura: -0,43%\/\u00b0C<\/li>\n<li>Tensione del coefficiente di temperatura: -0,34 %\/\u00b0C<\/li>\n<li>Coefficiente di temperatura corrente: -0,05 %\/\u00b0C<\/li>\n<li>Peso: 9,37KG<\/li>\n<li>Dimensioni: 1310 mm x 650 mm x 35 mm<\/li>\n<li>Classe di protezione della scatola di giunzione: IP68 (impermeabile)<\/li>\n<li>Lunghezza del cavo di collegamento preassemblato: 55cm<\/li>\n<li>Connettori preassemblati: connettori compatibili MC4<\/li>\n<li>Numero di celle: 168 (8&#215;21)<\/li>\n<\/ul>\n<h3>Il sistema di montaggio solare professionale<\/h3>\n<p>  I profili Spoile sono la prima scelta per le roulotte e i camper in particolare quando si tratta di montare in modo ordinato i moduli solari. Se si montano i moduli nella direzione di marcia, il rumore del vento non \u00e8 pi\u00f9 un problema (questo vale anche per i veicoli con mansarda). Grazie alla struttura chiusa degli spoiler, non \u00e8 possibile che rami o simili si impiglino sotto i moduli solari. Dimensioni dello spoiler: L x P x A: 55 cm x 8,9 cm (di cui circa 3 cm di modulo di superficie di supporto per spoiler) x 6,5 cm.  <\/p>\n<h5>Il legame<\/h5>\n<p>  L&#8217;incollaggio eseguito correttamente \u00e8 superiore a qualsiasi connessione a vite in caso di utilizzo intensivo del camper o della barca. Sulle superfici verniciate o in vetroresina si pu\u00f2 raggiungere una resistenza di oltre 4 N\/mm2 , un valore calcolato sulla superficie adesiva che non potrebbe mai essere raggiunto con una connessione a vite nel sottile strato portante in alluminio o vetroresina. Questo kit di adesivi consente anche ai non addetti ai lavori di creare un legame assolutamente saldo tra gli spoiler e il rispettivo substrato. Il set di adesivi Dekalin contiene tutti i componenti necessari per creare un&#8217;adesione professionale anche per l&#8217;installatore fai-da-te. Le viti in acciaio inox per il fissaggio dei moduli solari sono incluse, cos\u00ec come le istruzioni dettagliate per l&#8217;incollaggio. Inoltre, tutto ci\u00f2 di cui hai bisogno \u00e8 una normale pressa a leva per le cartucce e un panno privo di lanugine.  <\/p>\n<h4>I profili di montaggio in ABS<\/h4>\n<p>  I passaggi dei cavi dal tetto all&#8217;interno sono sempre piuttosto complicati, perch\u00e9 bisogna assicurarsi che tutto sia assolutamente a tenuta e che rimanga a tenuta anche dopo anni. Perch\u00e9 anche la minima infiltrazione d&#8217;acqua pu\u00f2 provocare danni spesso irreparabili all&#8217;isolamento interno e all&#8217;arredamento. Soprattutto perch\u00e9 spesso l&#8217;umidit\u00e0 viene notata piuttosto tardi. Per questo motivo sono state sviluppate le boccole per il tetto: Gli alloggiamenti sono realizzati con lo stesso materiale resistente ai raggi UV e alle intemperie delle staffe di montaggio offerte nel negozio online. Sono estremamente stabili e assolutamente sicuri di s\u00e9. L&#8217;ampio bordo adesivo garantisce una tenuta ottimale. I passanti sono incollati con il set di adesivi che si usa anche per incollare le staffe di montaggio solari. Gli alloggiamenti possono anche essere verniciati in qualsiasi colore per adattarsi alla superficie su cui devono essere montati.  <\/p>\n<h3>Il set di cablaggio professionale<\/h3>\n<p>  Tutti i cavi necessari sono forniti plug &amp; play e sono gi\u00e0 preincollati con strumenti specializzati. Non \u00e8 quindi necessario acquistare pinze speciali per i connettori MC-4.<\/p>\n","protected":false},"excerpt":{"rendered":"<p><strong>Usate il potere del sole!<\/strong>  Il set MobileBlack 155W contiene tutto il necessario per essere autosufficiente in viaggio!<\/p>\n","protected":false},"featured_media":25993432,"comment_status":"open","ping_status":"closed","template":"","meta":{"_acf_changed":false,"_et_pb_use_builder":"","_et_pb_old_content":"","_et_gb_content_width":""},"product_brand":[],"product_cat":[1185],"product_tag":[],"class_list":{"0":"post-25993428","1":"product","2":"type-product","3":"status-publish","4":"has-post-thumbnail","6":"product_cat-fotovoltaico-e-accumulo-di-energia","7":"product_shipping_class-classe-di-spedizione-media","9":"first","10":"outofstock","11":"taxable","12":"shipping-taxable","13":"purchasable","14":"product-type-simple"},"acf":[],"gallery_images":[25993433,25993434,25993435,25993436],"_links":{"self":[{"href":"https:\/\/hgm-rack.at\/it\/wp-json\/wp\/v2\/product\/25993428","targetHints":{"allow":["GET"]}}],"collection":[{"href":"https:\/\/hgm-rack.at\/it\/wp-json\/wp\/v2\/product"}],"about":[{"href":"https:\/\/hgm-rack.at\/it\/wp-json\/wp\/v2\/types\/product"}],"replies":[{"embeddable":true,"href":"https:\/\/hgm-rack.at\/it\/wp-json\/wp\/v2\/comments?post=25993428"}],"wp:featuredmedia":[{"embeddable":true,"href":"https:\/\/hgm-rack.at\/it\/wp-json\/wp\/v2\/media\/25993432"}],"wp:attachment":[{"href":"https:\/\/hgm-rack.at\/it\/wp-json\/wp\/v2\/media?parent=25993428"}],"wp:term":[{"taxonomy":"product_brand","embeddable":true,"href":"https:\/\/hgm-rack.at\/it\/wp-json\/wp\/v2\/product_brand?post=25993428"},{"taxonomy":"product_cat","embeddable":true,"href":"https:\/\/hgm-rack.at\/it\/wp-json\/wp\/v2\/product_cat?post=25993428"},{"taxonomy":"product_tag","embeddable":true,"href":"https:\/\/hgm-rack.at\/it\/wp-json\/wp\/v2\/product_tag?post=25993428"}],"curies":[{"name":"wp","href":"https:\/\/api.w.org\/{rel}","templated":true}]}}