{"id":25993443,"date":"2021-08-20T13:55:58","date_gmt":"2024-09-22T11:52:00","guid":{"rendered":"https:\/\/hgm-rack.at\/produkt\/mobileblack-200w-sistema-solare-completo\/"},"modified":"2024-09-22T13:52:00","modified_gmt":"2024-09-22T11:52:00","slug":"mobileblack-200w-sistema-solare-completo","status":"publish","type":"product","link":"https:\/\/hgm-rack.at\/it\/prodotto\/mobileblack-200w-sistema-solare-completo\/","title":{"rendered":"MobileBlack 200W Sistema solare completo"},"content":{"rendered":"<p><strong>Sistema completo MobileBlack Caravan da 200W<\/strong> Questo sistema completo contiene tutto il necessario per caricare le batterie del tuo camper.<br \/>\nOltre a caricare la batteria di bordo, il doppio regolatore incluso nel set ti permette di caricare contemporaneamente anche la batteria di avviamento, poich\u00e9 dispone di un&#8217;uscita di ricarica ausiliaria corrispondente.<br \/>\nLa fornitura comprende un ampio materiale informativo in cui l&#8217;installazione e il collegamento sono spiegati passo dopo passo: questo vale sia per il collegamento tecnico che per l&#8217;incollaggio dello spoiler di contenimento e della boccola del tetto.<br \/>\nIl condotto del tetto \u00e8 probabilmente uno dei punti pi\u00f9 critici, poich\u00e9 \u00e8 qui che avviene il passaggio verso l&#8217;interno del camper.<br \/>\nIl passaggio \u00e8 realizzato con lo stesso materiale dello spoiler: il collegamento a vite PEG corrisponde alla classe di protezione IP68 ed \u00e8 quindi assolutamente impermeabile se installato correttamente.      <\/p>\n<ul>\n<li><strong>Contenuto della fornitura dell&#8217;impianto solare per caravan MobileBlack 200W<\/strong>  2x Offgridtec\u00ae OLP modulo solare 100W 12W PERC con tecnologia shingle 1x Offgridtec ABS pressacavo 1-fold &#8211; nero con connessione a vite PEG impermeabile 2x Offgridtec 55cm ABS profili di montaggio (1 coppia) &#8211; per il fissaggio dei moduli solari in nero 1x Offgridtec 8m 2x6mm H07RNF &#8211; cavo di collegamento modulo solare al regolatore di carica solare in versione caravan 1x Offgridtec 1. 5m 2x6mm 30A cavo di collegamento batteria &#8211; cavo di collegamento regolatore di carica solare alla batteria con terminali a palo della batteria e connessione a capocorda M8 1x Offgridtec\u00ae 30A MPPT Dual con carica ausiliaria e AES,5m 2x6mm 30A battery connection cable &#8211; cavo di collegamento tra il regolatore di carica solare e la batteria con terminali a polo della batteria e capocorda M8 1x Offgridtec\u00ae 30A MPPT Dual solar charge controller with auxiliary charge and AES switching output 1x remote indicator \/ display for MPPT Pro Duo charge controller 1x Dekalin adhesive set with Dekasyl MS-5 polymer adhesive, Dekavator, panno per la pulizia e istruzioni per l&#8217;uso 1x cartuccia singola di adesivo Dekasyl MS-5 di Dekalin 1x prese di giunzione per il collegamento in parallelo dei moduli solari 2x cavo di prolunga MC-4 da 50 cm per collegare i cavi di connessione del modulo alle prese di giunzione<br \/>\n<strong>Il regolatore di carica solare Offgridtec\u00ae MPPT Pro Duo 30A<\/strong> Il regolatore MPPT Pro Duo pu\u00f2 elaborare una corrente di carica massima di 30A.<br \/>\nCi\u00f2 significa che questo sistema pu\u00f2 teoricamente essere ampliato fino a quasi 400W di potenza del modulo solare.   Inoltre, l&#8217;unit\u00e0 dispone di un&#8217;uscita di carica secondaria che consente di caricare la batteria di avviamento in parallelo con la batteria di bordo durante i periodi di sosta pi\u00f9 lunghi, una caratteristica sicuramente molto apprezzata nelle case mobili. Per garantire un&#8217;efficienza ottimale, l&#8217;unit\u00e0 dispone anche di un&#8217;uscita di commutazione AES, che consente la commutazione automatica dei frigoriferi con &#8220;AES&#8221; dal funzionamento a gas a quello a 12 V in caso di surplus di energia solare.<\/li>\n<\/ul>\n<p>  corrente di carica massima 30A &#8211; potenza del modulo 390W teoricamente utilizzabile uscita di carico 30A per carichi a 12V direttamente sul regolatore di carica il chiaro display remoto consente di montare il regolatore in punti difficili da raggiungere del veicolo senza limitare il funzionamento e la panoramica dei parametri del sistema segnale di controllo AES per il frigorifero dell&#8217;auto, per evitare sprechi di energia Tensione massima di ingresso del fotovoltaico di 100 V Controllo del circuito digitale della modalit\u00e0 di ricarica adattiva a tre stadi per migliorare la durata della batteria Tecnologia Max Power-Point Tracking con velocit\u00e0 di tracciamento ultraveloce e un&#8217;efficienza di tracciamento garantita di almeno il 99,5% Dimensioni: 24,7cm x 16,5cm x 6,9cm (LxLxH) Peso: 1,4KG Autoconsumo: 26mA a 12V Equalizzazione attiva della temperatura per una carica ottimale e per garantire una lunga durata della batteria Supporto per tutti i principali tipi di batteria (piombo-acido, AGM, GEL, LiFePo4) Max.<br \/>\nEfficienza: 98% controllabile via Bluetooth (\u00e8 necessario un dongle separato art. 8-01-011271) &#8211; SOLO PER DISPOSITIVI ANDROID Il modulo solare OLP da 100W con la pi\u00f9 recente tecnologia shingle Il modulo solare OLP da 100W con tecnologia PERC utilizzato nel sistema convince da un lato per il design unico del modulo con disposizione dei wafer sovrapposti (design overlapping) e dall&#8217;altro per l&#8217;elevata efficienza del modulo, che lo rende particolarmente interessante per le applicazioni sui veicoli a causa dello spazio limitato disponibile.<br \/>\nTensione del modulo (Vmp): 18,7V Max.<br \/>\n &gt;Corrente massima (Imp): 5,35A Tensione a circuito aperto (Voc): 22,1V Corrente di cortocircuito (Isc): 5,67A Efficienza della cella: 23% Temperatura ambiente: -40\u00b0C &#8211; +85\u00b0C Coefficiente di temperatura potenza: -0,43 %\/\u00b0C Coefficiente di temperatura tensione: -0,34 %\/\u00b0C Coefficiente di temperatura corrente: -0,05 %\/\u00b0C Peso: 6,09KG Dimensioni: 988mm x 560mm x 35mm Classe di protezione scatola di giunzione: IP68 (impermeabile) Lunghezza del cavo di collegamento preassemblato: 55cm Connettori preassemblati: connettori compatibili MC4 Numero di celle: 108 (6&#215;18) Il sistema di montaggio solare professionale Spoileprofile \u00e8 la prima scelta per caravan e camper in particolare quando si tratta di montare in modo ordinato i moduli solari.    Se si montano i moduli nella direzione di marcia, il rumore del vento non \u00e8 pi\u00f9 un problema (questo vale anche per i veicoli con mansarda). Grazie alla struttura chiusa degli spoiler, non \u00e8 possibile che rami o simili si impiglino sotto i moduli solari. Dimensioni dello spoiler: L x P x A: 55 cm x 8,9 cm (di cui circa 3 cm di superficie di appoggio per spoiler) x 6,5 cm. <strong>Incollaggio<\/strong> L&#8217;incollaggio eseguito correttamente \u00e8 superiore a qualsiasi collegamento a vite in caso di utilizzo intensivo del camper o della barca. Sulle superfici verniciate o in vetroresina si pu\u00f2 raggiungere una resistenza di oltre 4 N\/mm2 , un valore calcolato sulla superficie adesiva che non potrebbe mai essere raggiunto con una connessione a vite nel sottile strato portante in alluminio o vetroresina. Questo kit di adesivi consente anche ai non addetti ai lavori di creare un legame assolutamente saldo tra gli spoiler e il rispettivo substrato. Il set di adesivi Dekalin contiene tutti i componenti necessari per creare un&#8217;adesione professionale anche per l&#8217;installatore fai-da-te. Le viti in acciaio inox per il fissaggio dei moduli solari sono incluse, cos\u00ec come le istruzioni dettagliate per l&#8217;incollaggio. Inoltre, tutto ci\u00f2 di cui hai bisogno \u00e8 una normale pressa a leva per le cartucce e un panno che non lasci pelucchi. <strong>I profili di montaggio in ABS<\/strong> I passaggi per i cavi dal tetto all&#8217;interno sono sempre piuttosto complicati, perch\u00e9 bisogna assicurarsi che tutto sia e rimanga assolutamente saldo anche dopo anni. Perch\u00e9 anche la minima infiltrazione d&#8217;acqua pu\u00f2 provocare danni spesso irreparabili all&#8217;isolamento interno e all&#8217;arredamento. Soprattutto perch\u00e9 spesso l&#8217;umidit\u00e0 viene notata piuttosto tardi. Per questo motivo sono state sviluppate le boccole per il tetto: Gli alloggiamenti sono realizzati con lo stesso materiale resistente ai raggi UV e alle intemperie delle staffe di montaggio offerte nel negozio online. Sono estremamente stabili e assolutamente sicuri di s\u00e9. L&#8217;ampio bordo adesivo garantisce una tenuta ottimale. I passanti sono incollati con il set di adesivi che si usa anche per incollare le staffe di montaggio solari. Le custodie possono anche essere verniciate a piacimento e quindi adattate alla superficie su cui devono essere montate <strong>Il set di cablaggio professionale<\/strong> Tutti i cavi necessari sono forniti plug &amp; play e sono gi\u00e0 preincollati con strumenti specializzati. Non \u00e8 quindi necessario acquistare pinze speciali per i connettori MC-4.<\/p>\n","protected":false},"excerpt":{"rendered":"<p><strong>Usate il potere del sole!<\/strong>  Il set MobileBlack 200Watt contiene tutto il necessario per essere autosufficiente in viaggio!<\/p>\n","protected":false},"featured_media":25993447,"comment_status":"open","ping_status":"closed","template":"","meta":{"_acf_changed":false,"_et_pb_use_builder":"","_et_pb_old_content":"","_et_gb_content_width":""},"product_brand":[],"product_cat":[1185],"product_tag":[],"class_list":{"0":"post-25993443","1":"product","2":"type-product","3":"status-publish","4":"has-post-thumbnail","6":"product_cat-fotovoltaico-e-accumulo-di-energia","7":"product_shipping_class-classe-di-spedizione-media","9":"first","10":"outofstock","11":"taxable","12":"shipping-taxable","13":"purchasable","14":"product-type-simple"},"acf":[],"gallery_images":[25993448,25993434,25993435,25993449,25993450],"_links":{"self":[{"href":"https:\/\/hgm-rack.at\/it\/wp-json\/wp\/v2\/product\/25993443","targetHints":{"allow":["GET"]}}],"collection":[{"href":"https:\/\/hgm-rack.at\/it\/wp-json\/wp\/v2\/product"}],"about":[{"href":"https:\/\/hgm-rack.at\/it\/wp-json\/wp\/v2\/types\/product"}],"replies":[{"embeddable":true,"href":"https:\/\/hgm-rack.at\/it\/wp-json\/wp\/v2\/comments?post=25993443"}],"wp:featuredmedia":[{"embeddable":true,"href":"https:\/\/hgm-rack.at\/it\/wp-json\/wp\/v2\/media\/25993447"}],"wp:attachment":[{"href":"https:\/\/hgm-rack.at\/it\/wp-json\/wp\/v2\/media?parent=25993443"}],"wp:term":[{"taxonomy":"product_brand","embeddable":true,"href":"https:\/\/hgm-rack.at\/it\/wp-json\/wp\/v2\/product_brand?post=25993443"},{"taxonomy":"product_cat","embeddable":true,"href":"https:\/\/hgm-rack.at\/it\/wp-json\/wp\/v2\/product_cat?post=25993443"},{"taxonomy":"product_tag","embeddable":true,"href":"https:\/\/hgm-rack.at\/it\/wp-json\/wp\/v2\/product_tag?post=25993443"}],"curies":[{"name":"wp","href":"https:\/\/api.w.org\/{rel}","templated":true}]}}