{"id":25993457,"date":"2021-08-10T20:15:43","date_gmt":"2021-08-10T18:15:43","guid":{"rendered":"https:\/\/hgm-rack.at\/produkt\/blocco-di-trasporto-regolabile-singolo\/"},"modified":"2025-06-30T21:06:30","modified_gmt":"2025-06-30T19:06:30","slug":"blocco-di-trasporto-regolabile-singolo","status":"publish","type":"product","link":"https:\/\/hgm-rack.at\/it\/prodotto\/blocco-di-trasporto-regolabile-singolo\/","title":{"rendered":"Blocco di trasporto regolabile singolo"},"content":{"rendered":"<p>I nostri lucchetti di trasporto liberamente regolabili si adattano a tutti i prodotti con traverse 40&#215;40. Pu\u00f2 essere ruotata quando non \u00e8 in uso per evitare un&#8217;altezza inutile quando ogni centimetro \u00e8 importante nel parcheggio sotterraneo.<\/p>\n","protected":false},"excerpt":{"rendered":"<p>Sia che dobbiate legare la scala sul tetto ogni giorno alla fine del lavoro, sia che dobbiate fissare la stand-up paddleboard o la tavola da surf nel fine settimana, con i blocchi di trasporto regolabili risparmierete tempo e nervi nel fissare il carico. Le chiusure di trasporto possono essere spostate lungo l&#8217;intera lunghezza della traversa e possono essere ripiegate per evitare un inutile ingombro in altezza del corpo quando non vengono utilizzate.<\/p>\n<p>Realizzato in solido acciaio inossidabile da 5 mm<\/p>\n<p>Adatto a tutti i prodotti con traverse 40&#215;40<\/p>\n","protected":false},"featured_media":25993460,"comment_status":"open","ping_status":"closed","template":"","meta":{"_acf_changed":false,"_et_pb_use_builder":"","_et_pb_old_content":"","_et_gb_content_width":""},"product_brand":[],"product_cat":[1191,1195],"product_tag":[],"class_list":{"0":"post-25993457","1":"product","2":"type-product","3":"status-publish","4":"has-post-thumbnail","6":"product_cat-accessori","7":"product_cat-serrature-di-trasporto","8":"product_shipping_class-classe-di-spedizione-piccola","10":"first","11":"instock","12":"taxable","13":"shipping-taxable","14":"purchasable","15":"product-type-simple"},"acf":[],"gallery_images":[25993461,25993462],"_links":{"self":[{"href":"https:\/\/hgm-rack.at\/it\/wp-json\/wp\/v2\/product\/25993457","targetHints":{"allow":["GET"]}}],"collection":[{"href":"https:\/\/hgm-rack.at\/it\/wp-json\/wp\/v2\/product"}],"about":[{"href":"https:\/\/hgm-rack.at\/it\/wp-json\/wp\/v2\/types\/product"}],"replies":[{"embeddable":true,"href":"https:\/\/hgm-rack.at\/it\/wp-json\/wp\/v2\/comments?post=25993457"}],"wp:featuredmedia":[{"embeddable":true,"href":"https:\/\/hgm-rack.at\/it\/wp-json\/wp\/v2\/media\/25993460"}],"wp:attachment":[{"href":"https:\/\/hgm-rack.at\/it\/wp-json\/wp\/v2\/media?parent=25993457"}],"wp:term":[{"taxonomy":"product_brand","embeddable":true,"href":"https:\/\/hgm-rack.at\/it\/wp-json\/wp\/v2\/product_brand?post=25993457"},{"taxonomy":"product_cat","embeddable":true,"href":"https:\/\/hgm-rack.at\/it\/wp-json\/wp\/v2\/product_cat?post=25993457"},{"taxonomy":"product_tag","embeddable":true,"href":"https:\/\/hgm-rack.at\/it\/wp-json\/wp\/v2\/product_tag?post=25993457"}],"curies":[{"name":"wp","href":"https:\/\/api.w.org\/{rel}","templated":true}]}}