{"id":25993767,"date":"2023-08-27T20:05:24","date_gmt":"2023-08-27T18:05:24","guid":{"rendered":"https:\/\/hgm-rack.at\/produkt\/cremagliera-safari-ineos-grenadier\/"},"modified":"2025-10-25T12:09:47","modified_gmt":"2025-10-25T10:09:47","slug":"cremagliera-safari-ineos-grenadier","status":"publish","type":"product","link":"https:\/\/hgm-rack.at\/it\/prodotto\/cremagliera-safari-ineos-grenadier\/","title":{"rendered":"Safari-Rack portapacchi Ineos Grenadier"},"content":{"rendered":"<h2><strong>Safari-Rack portapacchi Ineos Grenadier<\/strong><\/h2>\n<p>Il portapacchi Safari-Rack per l&#8217;Ineos Grenadier offre la soluzione ideale per le avventure e le operazioni in condizioni estreme.<\/p>\n<p><strong>Roofrack:<\/strong><\/p>\n<p>Il portapacchi Safari-Rack per la Ineos Grenadier \u00e8 realizzato in acciaio inox di 3 mm di spessore e poi verniciato a polvere con 3 strati di vernice per garantire una lunga durata. Nella parte superiore dei pannelli laterali sono presenti dei fori per poter montare i tuoi accessori senza doverli forare, mentre la parte posteriore del Safari-Rack \u00e8 predisposta con filettature M8 per il montaggio di fari aggiuntivi. Puoi anche montare fino a 21 <a href=\"https:\/\/hgm-rack.at\/it\/prodotto\/punto-compagnia-aerea\/\">punti di ancoraggio Airline<\/a> (18 con il set di piastre). Per i punti di fissaggio \u00e8 necessario utilizzare i nostri <a href=\"https:\/\/hgm-rack.at\/it\/prodotto\/raccordo-di-linea-aerea-con-occhiello-di-ancoraggio\/\">accessori<\/a>. Il portapacchi \u00e8 alto solo 7 cm, in modo che il tuo Granatiere possa godersi un garage tra un \u201cavventura e l\u201d altra.    <\/p>\n<p><strong>Ganasce di serraggio:<\/strong><\/p>\n<p>Il collegamento tra il portatutto Safari-Rack Ineos Grenadier e il tuo veicolo \u00e8 realizzato con ganasce fresate in alluminio aeronautico ad alta resistenza, i cui intarsi possono essere personalizzati con uno sfondo a colori e un testo su richiesta (+199\u20ac). Senza personalizzazione hanno uno sfondo nero. Naturalmente, la fornitura comprende anche una pellicola protettiva sufficiente a proteggere la vernice del tuo Grenadier.  <\/p>\n<p><strong>Membro trasversale:<\/strong><\/p>\n<p>Le cinque (o 9) traverse in alluminio hanno un sistema di scanalature circonferenziali. Tutti gli accessori possono essere fissati con i nostri dadi per scanalature senza doverli forare. Un numero maggiore di traverse non aumenta la capacit\u00e0 di carico del portatutto! Le 5 traverse standard sono perfettamente adeguate per una <a href=\"https:\/\/hgm-rack.at\/it\/prodotto\/tenda-da-tetto-sheepie-bookara-2-0\/\">tenda da tetto<\/a>; consigliamo di passare a 9 traverse se si vogliono montare diversi piccoli box ecc.   <\/p>\n<p><strong>Set di dischi anteriori:<\/strong><\/p>\n<p>Il set di piastre anteriori \u00e8 sempre incluso nel portapacchi Safari-Rack Ineos Grenadier. Naturalmente, le finestre safari rimangono funzionanti e possono essere aperte o rimosse. Poich\u00e9 non vogliamo costringere i nostri clienti a utilizzare costosi strumenti di fissaggio speciali, abbiamo optato per uno schema di fori che consente di avvitare gli accessori con bulloni a cerniera M8 (disponibili in qualsiasi negozio di bricolage). Se la tua Ineos non \u00e8 dotata di finestre safari o se per te \u00e8 pi\u00f9 importante avere un po&#8217; di spazio in pi\u00f9 sul tetto, ordina i nostri inserti.   <\/p>\n<p><img decoding=\"async\" class=\"size-medium wp-image-25995249\" src=\"https:\/\/hgm-rack.at\/wp-content\/uploads\/2023\/08\/safarifenster-1-300x273.png\" alt=\"Safari-Rack portapacchi Ineos Grenadier\" width=\"300\" height=\"273\" title=\"\"><\/p>\n<p><strong>Set di dischi posteriori:<\/strong><\/p>\n<p>Se vuoi essere completamente flessibile, scegli il set di pannelli posteriori. Questo garantisce l&#8217;accessibilit\u00e0, impedisce alla neve di entrare tra le travi trasversali in inverno o semplicemente ti permette di prendere il sole sulla tua terrazza sul tetto tra un&#8217;avventura e l&#8217;altra. <\/p>\n<p><strong>Fari:<\/strong><\/p>\n<p>I nostri fari si integrano perfettamente con il portapacchi Safari-Rack Ineos Grenadier. La luminosit\u00e0 di 2450 lumen per faro illuminer\u00e0 la tua strada fuori dai sentieri battuti. Naturalmente, hanno la certificazione ECE R10, ma sono da considerarsi come luci da lavoro a causa della loro installazione sul tetto. Il set di cavi \u00e8 preparato per il tuo Grenadier con le prese montate in fabbrica sul tetto. Solo due capicorda devono essere crimpati, il resto \u00e8 plug &amp; play.    <\/p>\n<p><img decoding=\"async\" class=\"alignnone size-medium wp-image-25995254\" src=\"https:\/\/hgm-rack.at\/wp-content\/uploads\/2023\/08\/1727280259630-300x169.jpg\" alt=\"\" width=\"300\" height=\"169\" title=\"\"><\/p>\n<p>&nbsp;<\/p>\n<p><strong>Autovelox:<\/strong><\/p>\n<p>Mentre i fari si assicurano che tu veda qualcosa, gli autovelox ti rendono visibile! Su richiesta \u00e8 disponibile anche in blu per i veicoli di emergenza. Il set di cavi \u00e8 progettato per i veicoli con una presa sul tetto.  <\/p>\n<p><strong>Binari della compagnia aerea:<\/strong><\/p>\n<p>Tutti i portapacchi Safari-Rack Ineos Grenadier sono dotati di guide per la linea aerea a tutto tondo. Sono l \u201cideale per le attrezzature che devono essere rimosse di frequente, in quanto \u00e8 possibile farlo in modo rapido e senza l\u201d ausilio di altri strumenti. Naturalmente, puoi montarvi accessori fissi utilizzando i raccordi filettati: con il sistema airline non ci sono limiti alla tua immaginazione. Se vuoi montare la nostra <a href=\"https:\/\/hgm-rack.at\/produkt\/leiter-mit-waeschestaenderfunktion\/\">scala<\/a>, comunicacelo, perch\u00e9 \u00e8 montata senza binari.   <\/p>\n<h3><\/h3>\n<h3><strong>Dati tecnici del portapacchi Safari-Rack Ineos Grenadier:<\/strong><\/h3>\n<ul>\n<li><strong>Materiale:<\/strong> Acciaio inox e alluminio<\/li>\n<li><strong>Ganasce di serraggio:<\/strong> fresate dal pieno<\/li>\n<li><strong>Intarsi personalizzabili:<\/strong> +100\u20ac per colore e testo<\/li>\n<li><strong>Lunghezza:<\/strong> 285 cm<\/li>\n<li><strong>Larghezza:<\/strong> 160 cm<\/li>\n<li><strong>Capacit\u00e0 di carico dinamico:<\/strong> 150 kg<\/li>\n<li><strong>Capacit\u00e0 di carico statico:<\/strong> 300 kg<\/li>\n<li><strong>Peso proprio:<\/strong> circa 49 kg<\/li>\n<li><strong>Dati dei fari:<\/strong>\n<ul>\n<li>Consumo di energia: 2x 30W<\/li>\n<li>Luminosit\u00e0: 2x 2450 lumen<\/li>\n<li>Certificato EMC: ECE R10<\/li>\n<\/ul>\n<\/li>\n<li><strong>Compatibilit\u00e0:<\/strong> Ineos Grenadier<\/li>\n<li><strong>Costi di spedizione:<\/strong> In Europa incluso, all&#8217;estero 2200 \u20ac<\/li>\n<li><strong>Guide aeree<\/strong> incluse! Monta la tua attrezzatura sui pannelli laterali in modo rapido e senza attrezzi. <\/li>\n<li><strong>Elevazione del veicolo<\/strong>: il tuo granatiere \u00e8 rialzato di circa 7 cm.<\/li>\n<\/ul>\n<p>&nbsp;<\/p>\n<p>Vuoi sapere cosa aspettarti durante l \u201cinstallazione? Dai un\u201d occhiata al nostro video di installazione su <a href=\"https:\/\/www.youtube.com\/watch?v=E0u1kNYz4nk&amp;t=24s\" rel=\"nofollow noopener\" target=\"_blank\">https:\/\/www.youtube.com\/watch?v=E0u1kNYz4nk&amp;t=24s.<\/a>  <\/p>\n<p>&nbsp;<\/p>\n<p><strong>Tempi di consegna attuali 14 giorni lavorativi!<\/strong><\/p>\n","protected":false},"excerpt":{"rendered":"<h1><strong>Safari-Rack Portapacchi Ineos Grenadier.<\/strong><\/h1>\n<p><strong>Selezionando le varianti di prodotto, il portatutto da te configurato apparir\u00e0 nella galleria prodotti!<\/strong><\/p>\n","protected":false},"featured_media":25993769,"comment_status":"open","ping_status":"closed","template":"","meta":{"_acf_changed":false,"_et_pb_use_builder":"","_et_pb_old_content":"","_et_gb_content_width":""},"product_brand":[],"product_cat":[1241,1240,1148],"product_tag":[],"class_list":{"0":"post-25993767","1":"product","2":"type-product","3":"status-publish","4":"has-post-thumbnail","6":"product_cat-granatiere-ineos","7":"product_cat-ineos-it","8":"product_cat-portapacchi","9":"pa_oben-5-traversa","10":"pa_oben-9-traversa","11":"pa_plattensatz-con-set-di-piastre-posteriori","12":"pa_plattensatz-senza-set-di-piastre-posteriori","14":"first","15":"instock","16":"taxable","17":"shipping-taxable","18":"purchasable","19":"product-type-variable"},"acf":[],"gallery_images":[25993770,25995267,25993772,25993773,25993774,25993775,25995257],"_links":{"self":[{"href":"https:\/\/hgm-rack.at\/it\/wp-json\/wp\/v2\/product\/25993767","targetHints":{"allow":["GET"]}}],"collection":[{"href":"https:\/\/hgm-rack.at\/it\/wp-json\/wp\/v2\/product"}],"about":[{"href":"https:\/\/hgm-rack.at\/it\/wp-json\/wp\/v2\/types\/product"}],"replies":[{"embeddable":true,"href":"https:\/\/hgm-rack.at\/it\/wp-json\/wp\/v2\/comments?post=25993767"}],"wp:featuredmedia":[{"embeddable":true,"href":"https:\/\/hgm-rack.at\/it\/wp-json\/wp\/v2\/media\/25993769"}],"wp:attachment":[{"href":"https:\/\/hgm-rack.at\/it\/wp-json\/wp\/v2\/media?parent=25993767"}],"wp:term":[{"taxonomy":"product_brand","embeddable":true,"href":"https:\/\/hgm-rack.at\/it\/wp-json\/wp\/v2\/product_brand?post=25993767"},{"taxonomy":"product_cat","embeddable":true,"href":"https:\/\/hgm-rack.at\/it\/wp-json\/wp\/v2\/product_cat?post=25993767"},{"taxonomy":"product_tag","embeddable":true,"href":"https:\/\/hgm-rack.at\/it\/wp-json\/wp\/v2\/product_tag?post=25993767"}],"curies":[{"name":"wp","href":"https:\/\/api.w.org\/{rel}","templated":true}]}}