{"id":25993801,"date":"2023-10-09T08:53:25","date_gmt":"2023-10-09T06:53:25","guid":{"rendered":"https:\/\/hgm-rack.at\/produkt\/scala-con-funzione-di-stendibiancheria\/"},"modified":"2025-09-22T21:06:02","modified_gmt":"2025-09-22T19:06:02","slug":"scala-con-funzione-di-stendibiancheria","status":"publish","type":"product","link":"https:\/\/hgm-rack.at\/it\/prodotto\/scala-con-funzione-di-stendibiancheria\/","title":{"rendered":"Scala per portatutto con funzione di stendibiancheria"},"content":{"rendered":"<div class=\"flex-shrink-0 flex flex-col relative items-end\">\n<div>\n<div class=\"pt-0\">\n<div class=\"gizmo-bot-avatar flex h-8 w-8 items-center justify-center overflow-hidden rounded-full\">\n<div class=\"relative p-1 rounded-sm flex items-center justify-center bg-token-main-surface-primary text-token-text-primary h-8 w-8\"><\/div>\n<\/div>\n<\/div>\n<\/div>\n<\/div>\n<div class=\"group\/conversation-turn relative flex w-full min-w-0 flex-col agent-turn\">\n<div class=\"flex-col gap-1 md:gap-3\">\n<div class=\"flex max-w-full flex-col flex-grow\">\n<div class=\"min-h-8 text-message flex w-full flex-col items-end gap-2 whitespace-normal break-words text-start [.text-message+&amp;]:mt-5\" dir=\"auto\" data-message-author-role=\"assistant\" data-message-id=\"33301205-13b4-4588-ad5a-e8dae8261894\" data-message-model-slug=\"gpt-4o-mini\">\n<div class=\"flex w-full flex-col gap-1 empty:hidden first:pt-[3px]\">\n<div class=\"markdown prose w-full break-words dark:prose-invert light\">\n<h2><strong>Scala per portatutto con funzione di stendino &#8211; salvaspazio, versatile e innovativa! Adatto a tutti i portatutto HGM <\/strong><\/h2>\n<p>La <strong>scala per portatutto con funzione di stendibiancheria<\/strong> \u00e8 una soluzione innovativa per chi vuole equipaggiare il proprio veicolo in modo efficiente e multifunzionale. Questa scala appositamente sviluppata si adatta perfettamente ai nostri portapacchi e offre un modo pratico per fissare in modo sicuro una scala risparmiando spazio. Rende pi\u00f9 facile raggiungere i box da tetto e consente una comoda movimentazione, anche con veicoli alti. Inoltre, ha una funzione aggiuntiva intelligente: quella di stendino quando si viaggia.   <\/p>\n<h3>Versatilit\u00e0 e flessibilit\u00e0 per il tuo portatutto<\/h3>\n<p>La nostra <strong>scala con funzione di stendibiancheria<\/strong> \u00e8 la soluzione ideale per gli artigiani, i campeggiatori, gli amanti delle attivit\u00e0 all \u201caria aperta o chiunque sia spesso in movimento. Il sistema si monta direttamente sui pannelli laterali del portatutto, senza bisogno di ulteriori guide o forature. Questo pratico metodo di montaggio rende l\u201d installazione facile e veloce senza danneggiare il veicolo. Il design \u00e8 stato sviluppato appositamente per fissare la scala in modo sicuro e risparmiare spazio, in modo da averla sempre a portata di mano quando ne hai bisogno.   <\/p>\n<p>Un vantaggio fondamentale di questa soluzione \u00e8 che la scala pu\u00f2 essere utilizzata per molteplici scopi. La <strong>funzione di stendibiancheria<\/strong> pu\u00f2 essere eliminata in un batter d \u201cocchio. Ci\u00f2 significa che puoi utilizzare la scala come pratico stendibiancheria per asciugare i vestiti o gli asciugamani quando sei in giro: l\u201d ideale per i campeggiatori e i viaggiatori. Lo stendibiancheria pu\u00f2 essere azionato semplicemente rilasciando le cinghie di sicurezza e offre ulteriori vantaggi quando sei in viaggio.   <\/p>\n<h3>Uso efficiente del portapacchi<\/h3>\n<p>Grazie al montaggio laterale della scala, il portapacchi non occupa spazio aggiuntivo. La scala \u00e8 montata sul veicolo in modo da alzarsi solo dell \u201caltezza del portapacchi, riducendo al minimo <strong>la resistenza dell\u201d aria<\/strong> e ottimizzando l \u201c<strong>aerodinamica<\/strong> del veicolo. Ci\u00f2 consente di migliorare l\u201d efficienza dei consumi e di attraversare senza problemi i parcheggi sotterranei pi\u00f9 stretti.  <\/p>\n<p>Il piccolo volume aggiuntivo assicura che il tuo veicolo rimanga compatto senza dover rinunciare alla funzionalit\u00e0. Sia che tu voglia accedere comodamente alla <a href=\"https:\/\/hgm-rack.at\/it\/prodotto\/tenda-da-tetto-sheepie-bookara-2-0\/\">tenda da tetto<\/a>, sia che tu debba accedere regolarmente al tetto del tuo veicolo, con questa scala l&#8217;accesso \u00e8 sicuro e comodo in ogni momento. <\/p>\n<h3>Maneggevolezza e facilit\u00e0 di aggancio<\/h3>\n<p>La <strong>scala per portatutto con funzione di stendino<\/strong> \u00e8 particolarmente facile da usare. Quando hai bisogno della scala sul tuo veicolo, puoi semplicemente rimuoverla dalle staffe e appoggiarla saldamente al veicolo. Il dispositivo di fissaggio garantisce una conservazione stabile e sicura fino a quando non avrai bisogno della scala.  <\/p>\n<p>Dato che le staffe sono fissate direttamente al portatutto, non dovrai montare altre guide o staffe, risparmiando cos\u00ec non solo tempo ma anche denaro. Questo \u00e8 particolarmente pratico se vuoi utilizzare la tua scala in modo flessibile per altri scopi, lontano dal tuo veicolo. <\/p>\n<p>Materiale e peso Scala per portatutto con funzione di stendinoLa nostra <strong>scala per portatutto con funzione di stendino<\/strong> \u00e8 robusta e durevole. Le staffe sono realizzate in <strong>acciaio inox da 3 mm<\/strong>, mentre la scala stessa \u00e8 una combinazione <strong>di alluminio e acciaio inox<\/strong>. Con un peso di soli <strong>5,5 kg<\/strong>, la scala rimane stabile e resistente senza aggiungere peso inutile che potrebbe compromettere il comfort di guida.  <\/p>\n<h3>Compatibilit\u00e0 e sicurezza<\/h3>\n<p>\u00c8 importante notare che questo <strong>sistema di scale<\/strong> \u00e8 stato progettato appositamente per i modelli Flexi 250, Flexi 300, Flexi 325 e Ineos Grenadier. Non si adatta ad altri modelli di portatutto. Pertanto, prima di procedere all&#8217;acquisto, assicurati che il tuo veicolo disponga di uno di questi portapacchi compatibili per garantire la migliore vestibilit\u00e0 e funzionalit\u00e0.  <\/p>\n<h3>Conclusione: la tua soluzione ideale per una maggiore comodit\u00e0 e flessibilit\u00e0<\/h3>\n<p>La <strong>scala per portatutto con funzione di stendibiancheria<\/strong> \u00e8 un&#8217;aggiunta perfetta al tuo veicolo. Risparmia spazio, aumenta la versatilit\u00e0 e aggiunge comodit\u00e0 fissando una scala al portapacchi in modo sicuro ed efficiente. Se sei alla ricerca di una soluzione pratica e salvaspazio che sia anche versatile, questo sistema fa al caso tuo.  <\/p>\n<p>Sperimenta la libert\u00e0 di accedere al tetto del tuo veicolo in qualsiasi momento e approfitta allo stesso tempo di una funzione appendiabiti aggiuntiva: il tutto con un sistema appositamente sviluppato per i tuoi portapacchi Flexi o Grenadier. Acquista subito la <strong>scala per portatutto con funzione di stendibiancheria<\/strong> e scopri una nuova dimensione di mobilit\u00e0 e flessibilit\u00e0! <\/p>\n<p>Per maggiori informazioni e istruzioni dettagliate, guarda il<a href=\"https:\/\/www.youtube.com\/watch?v=kLfh_IBh7bs&amp;t=16s\" rel=\"nofollow noopener\" target=\"_blank\"> video di montaggio qui <\/a>.<\/p>\n<\/div>\n<\/div>\n<\/div>\n<\/div>\n<\/div>\n<\/div>\n<p>&nbsp;<\/p>\n<p>&nbsp;<\/p>\n<p>&nbsp;<\/p>\n<p>&nbsp;<\/p>\n","protected":false},"excerpt":{"rendered":"<h1>Scala per portatutto con funzione di stendibiancheria<\/h1>\n<p><strong>Che siate tuttofare, campeggiatori o appassionati di outdoor, la nostra soluzione innovativa vi aiuter\u00e0 a risparmiare spazio e a tenere la vostra scala a portata di mano.<\/strong><\/p>\n","protected":false},"featured_media":25993803,"comment_status":"open","ping_status":"closed","template":"","meta":{"_acf_changed":false,"_et_pb_use_builder":"","_et_pb_old_content":"","_et_gb_content_width":""},"product_brand":[],"product_cat":[1191,1225],"product_tag":[],"class_list":{"0":"post-25993801","1":"product","2":"type-product","3":"status-publish","4":"has-post-thumbnail","6":"product_cat-accessori","7":"product_cat-scale","8":"product_shipping_class-classe-di-spedizione-grande","10":"first","11":"instock","12":"taxable","13":"shipping-taxable","14":"purchasable","15":"product-type-variable"},"acf":[],"gallery_images":[25993804,25994708,25993803,25995413],"_links":{"self":[{"href":"https:\/\/hgm-rack.at\/it\/wp-json\/wp\/v2\/product\/25993801","targetHints":{"allow":["GET"]}}],"collection":[{"href":"https:\/\/hgm-rack.at\/it\/wp-json\/wp\/v2\/product"}],"about":[{"href":"https:\/\/hgm-rack.at\/it\/wp-json\/wp\/v2\/types\/product"}],"replies":[{"embeddable":true,"href":"https:\/\/hgm-rack.at\/it\/wp-json\/wp\/v2\/comments?post=25993801"}],"wp:featuredmedia":[{"embeddable":true,"href":"https:\/\/hgm-rack.at\/it\/wp-json\/wp\/v2\/media\/25993803"}],"wp:attachment":[{"href":"https:\/\/hgm-rack.at\/it\/wp-json\/wp\/v2\/media?parent=25993801"}],"wp:term":[{"taxonomy":"product_brand","embeddable":true,"href":"https:\/\/hgm-rack.at\/it\/wp-json\/wp\/v2\/product_brand?post=25993801"},{"taxonomy":"product_cat","embeddable":true,"href":"https:\/\/hgm-rack.at\/it\/wp-json\/wp\/v2\/product_cat?post=25993801"},{"taxonomy":"product_tag","embeddable":true,"href":"https:\/\/hgm-rack.at\/it\/wp-json\/wp\/v2\/product_tag?post=25993801"}],"curies":[{"name":"wp","href":"https:\/\/api.w.org\/{rel}","templated":true}]}}