{"id":25993878,"date":"2024-04-14T12:12:52","date_gmt":"2024-04-14T10:12:52","guid":{"rendered":"https:\/\/hgm-rack.at\/produkt\/3-4-cestello-ineos-grenadier\/"},"modified":"2025-06-09T14:48:47","modified_gmt":"2025-06-09T12:48:47","slug":"3-4-cestello-ineos-grenadier","status":"publish","type":"product","link":"https:\/\/hgm-rack.at\/it\/prodotto\/3-4-cestello-ineos-grenadier\/","title":{"rendered":"Portapacchi Ineos Grenadier"},"content":{"rendered":"<div class=\"react-scroll-to-bottom--css-nqdpd-79elbk _chat-scroller_ybums_31\">\n<div class=\"react-scroll-to-bottom--css-nqdpd-1n7m0yu _chat-scroller__scroll_ybums_34\">\n<div class=\"_chat-messages_ybums_17\">\n<div class=\"_chat-messages__inner_ybums_20\">\n<div>\n<div class=\"_message-item_tj7m6_1\">\n<div class=\"_message-item__content_tj7m6_9\">\n<div class=\"_message-content_3ffle_2 _message-content--markdown_3ffle_20\">\n<p>Il portapacchi Ineos Grenadier di HGM Rack \u00e8 un portapacchi ad alte prestazioni sviluppato appositamente per la Ineos Grenadier. \u00c8 stato progettato con l&#8217;obiettivo di combinare robustezza e versatilit\u00e0 per adattarsi a qualsiasi avventura. Questo portapacchi \u00e8 ideale per montare tende da tetto, tendalini e altri accessori che vuoi trasportare sul tuo veicolo.  <\/p>\n<p><strong>Materiali e lavorazione di alta qualit\u00e0<\/strong><br \/>\nIl portatutto \u00e8 realizzato in resistente alluminio aeronautico e offre quindi una stabilit\u00e0 estremamente elevata. Le ganasce di fissaggio sono fresate con precisione e garantiscono un collegamento sicuro al tuo veicolo. Grazie alle guide aeree circostanti, puoi fissare e regolare facilmente gli accessori aggiuntivi.  <\/p>\n<p><strong>Funzionalit\u00e0 ottimale<\/strong><br \/>\nCon un corpo estremamente piatto di soli 7 cm, il tuo Grenadier non si alza quasi per niente. Ci\u00f2 consente un \u201caerodinamica ottimale e riduce la resistenza aerodinamica, con conseguente miglioramento dell\u201d efficienza del carburante. Inoltre, i finestrini safari rimangono utilizzabili, offrendoti la flessibilit\u00e0 di cui hai bisogno quando viaggi.  <\/p>\n<p><strong>Opzioni di personalizzazione<\/strong><br \/>\nUn altro punto di forza del portatutto \u00e8 l&#8217;opzione di personalizzazione. Gli intarsi delle ganasce possono essere personalizzati con il testo che desideri e con il colore del veicolo, per dare al tuo portatutto un tocco unico. <\/p>\n<p><strong>Dettagli tecnici<\/strong><\/p>\n<ul>\n<li><strong>Lunghezza:<\/strong> 210 cm<\/li>\n<li><strong>Larghezza:<\/strong> 160 cm<\/li>\n<li><strong>Larghezza utile della traversa:<\/strong> 150 cm<\/li>\n<li><strong>Altezza del corpo:<\/strong> circa 7 cm (altezza totale del veicolo 208 cm)<\/li>\n<li><strong>Capacit\u00e0 di carico dinamico:<\/strong> 150 kg<\/li>\n<li><strong>Capacit\u00e0 di carico statico:<\/strong> 300 kg<\/li>\n<li><strong>Peso proprio:<\/strong> 41 kg<\/li>\n<\/ul>\n<p><strong>Contenuto della fornitura e motivi per acquistare<\/strong><br \/>\nLa fornitura comprende tutti i kit di montaggio necessari e istruzioni dettagliate per garantire un \u201cinstallazione semplice. Con HGM Rack puoi contare sull\u201d alta qualit\u00e0 dei prodotti regionali austriaci. Non abbiamo risparmiato gli sforzi per sviluppare il portapacchi pi\u00f9 robusto e versatile per la Ineos Grenadier. Con un tempo di consegna di soli 10 giorni lavorativi, sarai pronto per la tua prossima avventura in pochissimo tempo.   <\/p>\n<p>Se stai cercando un portapacchi affidabile per la tua tenda da tetto o altri accessori per l&#8217;avventura, il portapacchi Ineos Grenadier di HGM Rack ti offre la soluzione perfetta!<\/p>\n<\/div>\n<\/div>\n<\/div>\n<\/div>\n<\/div>\n<\/div>\n<\/div>\n<\/div>\n","protected":false},"excerpt":{"rendered":"<div class=\"react-scroll-to-bottom--css-nqdpd-79elbk _chat-scroller_ybums_31\">\n<div class=\"react-scroll-to-bottom--css-nqdpd-1n7m0yu _chat-scroller__scroll_ybums_34\">\n<div class=\"_chat-messages_ybums_17\">\n<div class=\"_chat-messages__inner_ybums_20\">\n<div class=\"_message-item_tj7m6_1\">\n<div class=\"_message-item__content_tj7m6_9\">\n<div class=\"_message-content_3ffle_2 _message-content--markdown_3ffle_20\">\n<p>Il nuovo portapacchi Ineos Grenadier di HGM Rack \u00e8 la soluzione ideale per gli avventurieri.<\/p>\n<ul>\n<li>Realizzato in robusto alluminio aeronautico<\/li>\n<li>Utilizzo delle stelle della tariffa safari<\/li>\n<li>Binari per la circolazione dell&#8217;aria<\/li>\n<li>Estremamente piatta, solo 7 cm pi\u00f9 alta<\/li>\n<li>Personalizzabile (intarsi+colore)<\/li>\n<\/ul>\n<p>Installa tende da tetto e tende da sole in modo facile e sicuro. Dai un&#8217;occhiata anche agli altri prodotti! <\/p>\n<\/div>\n<\/div>\n<\/div>\n<\/div>\n<\/div>\n<\/div>\n<\/div>\n","protected":false},"featured_media":25993879,"comment_status":"open","ping_status":"closed","template":"","meta":{"_acf_changed":false,"_et_pb_use_builder":"","_et_pb_old_content":"","_et_gb_content_width":""},"product_brand":[],"product_cat":[1241,1240,1148],"product_tag":[],"class_list":{"0":"post-25993878","1":"product","2":"type-product","3":"status-publish","4":"has-post-thumbnail","6":"product_cat-granatiere-ineos","7":"product_cat-ineos-it","8":"product_cat-portapacchi","9":"pa_plattensatz-con-set-di-piastre-posteriori","10":"pa_plattensatz-senza-set-di-piastre-posteriori","12":"first","13":"instock","14":"taxable","15":"shipping-taxable","16":"purchasable","17":"product-type-variable"},"acf":[],"gallery_images":[25993880,25993881],"_links":{"self":[{"href":"https:\/\/hgm-rack.at\/it\/wp-json\/wp\/v2\/product\/25993878","targetHints":{"allow":["GET"]}}],"collection":[{"href":"https:\/\/hgm-rack.at\/it\/wp-json\/wp\/v2\/product"}],"about":[{"href":"https:\/\/hgm-rack.at\/it\/wp-json\/wp\/v2\/types\/product"}],"replies":[{"embeddable":true,"href":"https:\/\/hgm-rack.at\/it\/wp-json\/wp\/v2\/comments?post=25993878"}],"wp:featuredmedia":[{"embeddable":true,"href":"https:\/\/hgm-rack.at\/it\/wp-json\/wp\/v2\/media\/25993879"}],"wp:attachment":[{"href":"https:\/\/hgm-rack.at\/it\/wp-json\/wp\/v2\/media?parent=25993878"}],"wp:term":[{"taxonomy":"product_brand","embeddable":true,"href":"https:\/\/hgm-rack.at\/it\/wp-json\/wp\/v2\/product_brand?post=25993878"},{"taxonomy":"product_cat","embeddable":true,"href":"https:\/\/hgm-rack.at\/it\/wp-json\/wp\/v2\/product_cat?post=25993878"},{"taxonomy":"product_tag","embeddable":true,"href":"https:\/\/hgm-rack.at\/it\/wp-json\/wp\/v2\/product_tag?post=25993878"}],"curies":[{"name":"wp","href":"https:\/\/api.w.org\/{rel}","templated":true}]}}