{"id":26004941,"date":"2025-01-07T10:29:53","date_gmt":"2025-01-07T09:29:53","guid":{"rendered":"https:\/\/hgm-rack.at\/produkt\/portapacchi-vw-t5-passo-lungo\/"},"modified":"2025-06-09T14:49:33","modified_gmt":"2025-06-09T12:49:33","slug":"portapacchi-vw-t5-passo-lungo","status":"publish","type":"product","link":"https:\/\/hgm-rack.at\/it\/prodotto\/portapacchi-vw-t5-passo-lungo\/","title":{"rendered":"Portapacchi VW T5 passo lungo"},"content":{"rendered":"<h2><strong>Portatutto VW T5 a passo lungo della serie Flexi 300.<\/strong><\/h2>\n<p>&nbsp;<\/p>\n<p>Il <strong>portatutto Flexi 300 VW T5 <\/strong>non solo offre una funzionalit\u00e0 impareggiabile, ma anche numerose opzioni di personalizzazione per soddisfare le tue esigenze. Con un profilo basso di soli 7 cm, rimane aerodinamico ed efficiente, mentre tu puoi beneficiare della sua versatile espandibilit\u00e0. Sia che tu utilizzi il portapacchi per il trasporto di attrezzature per il tempo libero e il campeggio o per applicazioni professionali, il Flexi 300 ti offre una base stabile.  <\/p>\n<p>Un punto di forza \u00e8 la facilit\u00e0 di installazione degli accessori, che pu\u00f2 essere effettuata senza praticare fori grazie al sistema Nut-8. In questo modo \u00e8 possibile fissare in modo flessibile accessori come sistemi di fissaggio, tendalini o fari. Inoltre, il <strong>sistema fotovoltaico<\/strong> opzionale garantisce un&#8217;alimentazione ecologica durante i viaggi: perfetto per i viaggi pi\u00f9 lunghi o come complemento alla <a href=\"https:\/\/hgm-rack.at\/it\/prodotto\/tenda-da-tetto-sheepie-bookara-2-0\/\">tenda da tetto<\/a>. Il <strong>set di piastre<\/strong> trasforma il portapacchi in una pratica terrazza solarium che favorisce un piacevole raffreddamento all&#8217;interno del veicolo. Il <strong>pannello posteriore<\/strong> non solo migliora l&#8217;aspetto, ma permette anche di integrare i <strong>fari posteriori<\/strong> per ottimizzare la visibilit\u00e0 al buio.    <\/p>\n<p>Grazie ai robusti componenti in acciaio inox e alla verniciatura a polvere di alta qualit\u00e0, il portatutto Flexi 300 VW T5 a passo lungo \u00e8 in grado di resistere a tutte le condizioni atmosferiche e rimane affidabile anche nelle condizioni pi\u00f9 difficili. Il <strong>Flexi 300<\/strong> \u00e8 quindi la scelta ideale per chi apprezza flessibilit\u00e0, stabilit\u00e0 e design. <\/p>\n<h3><strong>Quali sono le caratteristiche del portapacchi VW T5?<\/strong><\/h3>\n<p><strong>Presenta pannelli laterali:<\/strong><\/p>\n<ul>\n<li>Realizzato in acciaio inox da 3 mm con 3 strati di verniciatura a polvere per una lunga durata.<\/li>\n<li>Lunghezza circa 3000 mm<\/li>\n<li>Predisposizione di fori da 6 e 8 mm per il montaggio degli accessori<\/li>\n<li>Prepara dei fori da 20 mm per far passare i tappi DT.<\/li>\n<li>Sul lato superiore possono essere montati fino a 26 <a href=\"https:\/\/hgm-rack.at\/it\/prodotto\/punto-compagnia-aerea\/\">punti di aggancio per le linee aeree<\/a>.<\/li>\n<\/ul>\n<p><strong>Caratteristiche della traversa:<\/strong><\/p>\n<ul>\n<li>Profilo in alluminio 40&#215;40, anodizzato nero con ulteriore verniciatura a polvere<\/li>\n<li>Larghezza 1400 mm<\/li>\n<li>adatto agli accessori della scanalatura 8<\/li>\n<li>Gli accessori possono essere montati ovunque senza praticare fori grazie ai nostri blocchi scorrevoli.<\/li>\n<li>Ti consigliamo di montare le nostre <a href=\"https:\/\/hgm-rack.at\/it\/prodotto\/labbro-in-gomma-per-profilo-standard-in-alluminio-40x40\/\">labbra in gomma <\/a> per proteggere il carico e la traversa ed evitare che scivolino.  <\/li>\n<\/ul>\n<p><strong>Dispone di un deflettore per il vento:<\/strong><\/p>\n<ul>\n<li>Realizzato in acciaio inox da 3 mm con 3 strati di verniciatura a polvere<\/li>\n<li>Larghezza 1400 mm<\/li>\n<li>Con coprifaro o fari a LED, a seconda della tua scelta.<\/li>\n<\/ul>\n<p><strong>Caratteristiche del pannello posteriore:<\/strong><\/p>\n<ul>\n<li>Il rivestimento posteriore opzionale offre un&#8217;immagine migliore della parte posteriore.<\/li>\n<li>\u00c8 possibile installare le luci posteriori.<\/li>\n<li>Punto negativo: pu\u00f2 essere d&#8217;intralcio quando si montano tende da tetto avvitate dal basso.<\/li>\n<\/ul>\n<p><strong>Dispone di fari anteriori e posteriori:<\/strong><\/p>\n<ul>\n<li>I faretti convincono con una potenza luminosa di 2450 lumen e un consumo energetico di 30w per faretto.<\/li>\n<li>Ogni coppia di faretti viene fornita con un cavo di collegamento di 250 cm.<\/li>\n<li>Funzione autovelox integrata disponibile su richiesta (+\u20ac99 per coppia di fari)<\/li>\n<li>Sono ammessi come fari da lavoro (non devono essere collegati agli abbaglianti).<\/li>\n<li>Controllo tramite telecomando con il nostro kit di controllo remoto (non incluso).<\/li>\n<\/ul>\n<p><strong>Caratteristiche del fotovoltaico:<\/strong><\/p>\n<ul>\n<li>Pannello fotovoltaico da 150w con staffe per il montaggio sulla barra trasversale<\/li>\n<li>Il pannello \u00e8 pi\u00f9 basso della traversa, quindi puoi ancora caricare comodamente sopra di esso.<\/li>\n<\/ul>\n<p><strong>Ambito di fornitura:<\/strong><\/p>\n<ul>\n<li>Staffe per il montaggio sul veicolo incl. materiale di montaggio <\/li>\n<li>Traversa (la quantit\u00e0 dipende dalla configurazione) inclusa. Materiale di montaggio <\/li>\n<li>Pannelli laterali con materiale di montaggio incluso <\/li>\n<li>Parabrezza con coperture cieche o fari (a seconda della configurazione)<\/li>\n<li>Altri accessori (a seconda della configurazione)<\/li>\n<li>Istruzioni<\/li>\n<\/ul>\n<p><strong>Spedizione:  <\/strong><\/p>\n<p>La spedizione \u00e8 gratuita per ordini superiori a \u20ac1000. A causa delle dimensioni e del peso degli articoli, questi verranno spediti in casse di legno o pallet da uno spedizioniere. Assicurati di inserire un numero di telefono corretto in modo che lo spedizioniere possa concordare con te una data di consegna. Scegli sempre un indirizzo di spedizione in cui l&#8217;accesso al camion e lo scarico siano possibili senza problemi. Tieni sempre presente che la spedizione da parte di un&#8217;azienda di trasporti richiede un po&#8217; pi\u00f9 di tempo rispetto al servizio pacchi, ma per noi \u00e8 pi\u00f9 importante che il tuo nuovo portatutto arrivi integro.    <\/p>\n<p>&nbsp;<\/p>\n<p>In linea di principio, le sovrastrutture per tetti non sono soggette a registrazione, ma in genere sono sempre a discrezione dell&#8217;esperto. Ti invitiamo a rispettare sempre le norme di legge del tuo Paese. Se hai altre domande sul portatutto VW T5 passo lungo, non esitare a contattarci. Altri accessori da campeggio e tende da tetto non disponibili in negozio possono essere trovati presso la nostra azienda partner <a href=\"https:\/\/www.inter-trade.at\/\" target=\"_blank\" rel=\"noopener\">Inter-trade.at<\/a>   <\/p>\n","protected":false},"excerpt":{"rendered":"<h1><strong>Portapacchi VW T5 passo lungo. Configura subito il portatutto dei tuoi sogni. <\/strong><\/h1>\n","protected":false},"featured_media":26004504,"comment_status":"open","ping_status":"closed","template":"","meta":{"_acf_changed":false,"_et_pb_use_builder":"","_et_pb_old_content":"","_et_gb_content_width":""},"product_brand":[],"product_cat":[1121,1125],"product_tag":[],"class_list":{"0":"post-26004941","1":"product","2":"type-product","3":"status-publish","4":"has-post-thumbnail","6":"product_cat-vw-it","7":"product_cat-vw-t5-it","8":"pa_befestigung-vw-t5-t6-binario-c","9":"pa_befestigung-vw-t5-t6-punti-fissi-di-montaggio","10":"pa_oben-11-traverse-con-modulo-fotovoltaico-da-150w","11":"pa_oben-13-elemento-trasversale","12":"pa_oben-6-traverse-con-modulo-fotovoltaico-da-150w","13":"pa_oben-traversa-standard-5","15":"first","16":"instock","17":"taxable","18":"shipping-taxable","19":"purchasable","20":"product-type-variable"},"acf":[],"gallery_images":[26004048,26008945,26008965],"_links":{"self":[{"href":"https:\/\/hgm-rack.at\/it\/wp-json\/wp\/v2\/product\/26004941","targetHints":{"allow":["GET"]}}],"collection":[{"href":"https:\/\/hgm-rack.at\/it\/wp-json\/wp\/v2\/product"}],"about":[{"href":"https:\/\/hgm-rack.at\/it\/wp-json\/wp\/v2\/types\/product"}],"replies":[{"embeddable":true,"href":"https:\/\/hgm-rack.at\/it\/wp-json\/wp\/v2\/comments?post=26004941"}],"wp:featuredmedia":[{"embeddable":true,"href":"https:\/\/hgm-rack.at\/it\/wp-json\/wp\/v2\/media\/26004504"}],"wp:attachment":[{"href":"https:\/\/hgm-rack.at\/it\/wp-json\/wp\/v2\/media?parent=26004941"}],"wp:term":[{"taxonomy":"product_brand","embeddable":true,"href":"https:\/\/hgm-rack.at\/it\/wp-json\/wp\/v2\/product_brand?post=26004941"},{"taxonomy":"product_cat","embeddable":true,"href":"https:\/\/hgm-rack.at\/it\/wp-json\/wp\/v2\/product_cat?post=26004941"},{"taxonomy":"product_tag","embeddable":true,"href":"https:\/\/hgm-rack.at\/it\/wp-json\/wp\/v2\/product_tag?post=26004941"}],"curies":[{"name":"wp","href":"https:\/\/api.w.org\/{rel}","templated":true}]}}