{"id":26004946,"date":"2025-01-09T11:19:27","date_gmt":"2025-01-09T10:19:27","guid":{"rendered":"https:\/\/hgm-rack.at\/produkt\/staffa-portatutto-flexi-vw-t6\/"},"modified":"2025-05-06T11:37:07","modified_gmt":"2025-05-06T09:37:07","slug":"staffa-portatutto-flexi-vw-t6","status":"publish","type":"product","link":"https:\/\/hgm-rack.at\/it\/prodotto\/staffa-portatutto-flexi-vw-t6\/","title":{"rendered":"Staffa portatutto Flexi VW T6"},"content":{"rendered":"<h2>Staffa portatutto Flexi VW T6<\/h2>\n<p>La staffa portatutto Flexi VW T6 \u00e8 la soluzione perfetta per chi cerca una staffa portatutto robusta, flessibile e facile da installare per il proprio progetto di fai da te. Queste staffe non solo offrono un&#8217;alta qualit\u00e0 e una rapida installazione, ma anche una personalizzazione ideale per qualsiasi progetto di fai da te. Grazie al design sofisticato, anche i meccanici meno esperti possono fissare facilmente le staffe al proprio veicolo e aggiornare cos\u00ec la propria VW T6 per un&#8217;ampia variet\u00e0 di applicazioni.  <\/p>\n<p><strong>Montaggio semplice: ideale per i progetti di bricolage<\/strong><\/p>\n<p>Le staffe portatutto Flexi sono caratterizzate da un&#8217;installazione particolarmente semplice. Non sono necessarie particolari conoscenze preliminari per fissare le staffe al veicolo. Istruzioni dettagliate ti guidano passo dopo passo nel processo di installazione, in modo che tu possa montare il portapacchi perfetto in modo rapido e sicuro anche senza molta esperienza. Questo \u00e8 un grande vantaggio, soprattutto per gli amanti del fai-da-te: puoi realizzare i tuoi progetti da solo con il minimo sforzo e godere della comodit\u00e0 di un portapacchi personalizzato.   <\/p>\n<p><strong>Regolabile in altezza: flessibilit\u00e0 d&#8217;uso<\/strong><\/p>\n<p>Una caratteristica straordinaria del supporto Flexi per portapacchi VW T6 \u00e8 la sua regolabilit\u00e0 in altezza. La staffa pu\u00f2 essere regolata in un intervallo compreso tra 63 e 78 mm. Questo ti offre la flessibilit\u00e0 necessaria per adattare il portapacchi in modo ideale ai requisiti specifici del tuo veicolo e del tuo carico. Sia che tu voglia trasportare oggetti ingombranti o mettere al sicuro materiali sensibili sul tetto della tua VW T5, l&#8217;adattabilit\u00e0 delle staffe Flexi garantisce un fissaggio sicuro e stabile delle traverse.   <\/p>\n<p><strong>Corpo piatto &#8211; ideale per il VW T6<\/strong><\/p>\n<p>Grazie alle dimensioni perfettamente adattate, al centro del tetto del VW T5 c&#8217;\u00e8 ancora uno spazio di circa 2 cm rispetto al tetto nella posizione pi\u00f9 bassa. Ci\u00f2 corrisponde a un aumento dell&#8217;altezza di 6-7 cm se si utilizzano <a href=\"https:\/\/hgm-rack.at\/it\/prodotto\/traversa-standard\/\">profili in alluminio 40&#215;40<\/a>. Questa altezza ridotta garantisce una struttura particolarmente piatta, che non solo migliora l&#8217;aerodinamica del veicolo, ma riduce anche la resistenza dell&#8217;aria e il consumo di carburante. Allo stesso tempo, c&#8217;\u00e8 spazio a sufficienza per fissare in modo sicuro il carico sul tetto senza che il portapacchi comprometta l&#8217;aspetto o la funzionalit\u00e0 del veicolo. Grazie a queste staffe per portapacchi, potrai sfruttare al meglio la VW T5 per i tuoi progetti di trasporto o di viaggio.    <\/p>\n<p><strong>Robusta e affidabile, pronta per qualsiasi avventura<\/strong><\/p>\n<p>Le nostre staffe portatutto Flexi VW T6 non sono solo facili da installare, ma anche estremamente robuste. L&#8217;alta qualit\u00e0 dei materiali utilizzati fa s\u00ec che le staffe funzionino in modo affidabile anche in condizioni difficili. Se percorri regolarmente lunghe distanze, viaggi in condizioni climatiche diverse o devi trasportare carichi pesanti, le staffe Flexi ti offrono la stabilit\u00e0 e la durata necessarie per trasportare la tua attrezzatura in modo sicuro e goderti i tuoi viaggi senza preoccupazioni.  <\/p>\n<p><strong>Perfetto per ogni progetto e per ogni viaggio<\/strong><\/p>\n<p>Con il supporto Flexi per il portapacchi del VW T6 hai al tuo fianco un partner adatto sia all&#8217;uso privato che a quello commerciale. Che si tratti di gite nel weekend, vacanze in campeggio o trasporto professionale di attrezzature, queste staffe ti offrono la versatilit\u00e0 necessaria per sfruttare al meglio i tuoi progetti e i tuoi viaggi. <\/p>\n<p>Affidati alla qualit\u00e0, alla flessibilit\u00e0 e alla maneggevolezza: con il portapacchi Flexi per VW T6 hai la base ideale per ogni avventura. Crea il tuo portatutto perfetto e scopri quanto pu\u00f2 essere facile e comodo trasportare i carichi! <\/p>\n<h3>Staffa portatutto Flexi VW T6, cosa \u00e8 incluso nella fornitura?<\/h3>\n<ul>\n<li>Parte inferiore del supporto Flexi con guarnizione (acciaio inox da 3 mm)<\/li>\n<li>Parte superiore del supporto Flexi (acciaio inox da 3 mm)<\/li>\n<li>Set di viti<\/li>\n<li>Ganci di sicurezza in plastica per la regolazione dell&#8217;altezza<\/li>\n<\/ul>\n<p>Vuoi sapere cosa aspettarti durante l&#8217;installazione? Dai un&#8217;occhiata al nostro <a href=\"https:\/\/www.youtube.com\/watch?v=8QSfa3_qDdg\" rel=\"nofollow noopener\" target=\"_blank\">video di installazione <\/a>. Se ordini un Roofrack Flexi 250 o Flexi 300, le staffe sono ovviamente incluse nella fornitura.  <\/p>\n<p>HGM-Rack ti augura buon divertimento nella costruzione del tuo portatutto!<\/p>\n","protected":false},"excerpt":{"rendered":"<h1>Staffa portatutto Flexi VW T6<\/h1>\n<p>La prima pietra per il tuo progetto di bricolage!<\/p>\n","protected":false},"featured_media":26008896,"comment_status":"open","ping_status":"closed","template":"","meta":{"_acf_changed":false,"_et_pb_use_builder":"","_et_pb_old_content":"","_et_gb_content_width":""},"product_brand":[],"product_cat":[1121,1123],"product_tag":[],"class_list":{"0":"post-26004946","1":"product","2":"type-product","3":"status-publish","4":"has-post-thumbnail","6":"product_cat-vw-it","7":"product_cat-vw-t6-it","8":"product_shipping_class-classe-di-spedizione-piccola","9":"pa_zubehoer-escl-dado-per-profilo-in-alluminio-40x40","10":"pa_zubehoer-incl-dado-per-profilo-in-alluminio-40x40","12":"first","13":"instock","14":"taxable","15":"shipping-taxable","16":"purchasable","17":"product-type-variable"},"acf":[],"gallery_images":[26008901,26008907,26008922,25993336],"_links":{"self":[{"href":"https:\/\/hgm-rack.at\/it\/wp-json\/wp\/v2\/product\/26004946","targetHints":{"allow":["GET"]}}],"collection":[{"href":"https:\/\/hgm-rack.at\/it\/wp-json\/wp\/v2\/product"}],"about":[{"href":"https:\/\/hgm-rack.at\/it\/wp-json\/wp\/v2\/types\/product"}],"replies":[{"embeddable":true,"href":"https:\/\/hgm-rack.at\/it\/wp-json\/wp\/v2\/comments?post=26004946"}],"wp:featuredmedia":[{"embeddable":true,"href":"https:\/\/hgm-rack.at\/it\/wp-json\/wp\/v2\/media\/26008896"}],"wp:attachment":[{"href":"https:\/\/hgm-rack.at\/it\/wp-json\/wp\/v2\/media?parent=26004946"}],"wp:term":[{"taxonomy":"product_brand","embeddable":true,"href":"https:\/\/hgm-rack.at\/it\/wp-json\/wp\/v2\/product_brand?post=26004946"},{"taxonomy":"product_cat","embeddable":true,"href":"https:\/\/hgm-rack.at\/it\/wp-json\/wp\/v2\/product_cat?post=26004946"},{"taxonomy":"product_tag","embeddable":true,"href":"https:\/\/hgm-rack.at\/it\/wp-json\/wp\/v2\/product_tag?post=26004946"}],"curies":[{"name":"wp","href":"https:\/\/api.w.org\/{rel}","templated":true}]}}