{"id":26004964,"date":"2025-05-06T11:37:41","date_gmt":"2025-05-06T09:37:41","guid":{"rendered":"https:\/\/hgm-rack.at\/produkt\/potenziamento-dellilluminazione-per-i-veicoli-di-emergenza\/"},"modified":"2025-05-06T11:37:41","modified_gmt":"2025-05-06T09:37:41","slug":"potenziamento-dellilluminazione-per-i-veicoli-di-emergenza","status":"publish","type":"product","link":"https:\/\/hgm-rack.at\/it\/prodotto\/potenziamento-dellilluminazione-per-i-veicoli-di-emergenza\/","title":{"rendered":"Potenziamento dell&#8217;illuminazione per i veicoli di emergenza"},"content":{"rendered":"<p><strong>Potenziamento dell&#8217;illuminazione dei veicoli di emergenza<\/strong><\/p>\n<p>Il kit di estensione trasforma il tuo portatutto HGM Rack in un vero e proprio veicolo di emergenza e ti d\u00e0 la possibilit\u00e0 di portare la tua attrezzatura a un livello superiore. Questo kit \u00e8 stato progettato appositamente per massimizzare la funzionalit\u00e0 e la versatilit\u00e0 senza la necessit\u00e0 di forare il veicolo durante l&#8217;installazione. <\/p>\n<p>Hai bisogno di un&#8217;illuminazione per il tuo nuovo veicolo di emergenza? L&#8217;aggiornamento dell&#8217;illuminazione per i veicoli di emergenza \u00e8 stato progettato appositamente per il soccorso alpino, il soccorso acquatico e i vigili del fuoco. Adatto alle barre portatutto VW T5 T6 e Ford Transit Custom, questo upgrade fornisce l&#8217;illuminazione necessaria durante le operazioni. Poich\u00e9 questo upgrade \u00e8 compatibile con tutti i nostri portapacchi, lo abbiamo progettato come aggiornamento. Basta selezionare il prodotto giusto per il tuo veicolo, ad esempio il <a href=\"https:\/\/hgm-rack.at\/produkt\/dachtraeger-vw-t5-t6-kurzer-radstand\/\" class=\"broken_link\">portatutto VW T6<\/a>, e aggiungere l&#8217;aggiornamento. Naturalmente, tutti i nostri lampeggianti sono conformi allo standard ECE R65.     <\/p>\n<p><strong>Il portapacchi stesso non \u00e8 incluso nella fornitura!<\/strong><\/p>\n<p>L&#8217;aggiornamento del kit portapacchi per veicoli include:<\/p>\n<ol>\n<li>Fascia posteriore con fari e lampeggiatori in giallo e blu<\/li>\n<li>4x illuminazione ambientale<\/li>\n<li>Binari di linea su entrambi i lati<\/li>\n<li>Fari anteriori con lampeggiatori di colore giallo e blu<\/li>\n<li>Barra luminosa blu<\/li>\n<li>Scatola per fili con telecomando<\/li>\n<li>Set di cavi per l&#8217;installazione senza forare il veicolo<\/li>\n<li>5 traverse aggiuntive (passo lungo 7 traverse aggiuntive)<\/li>\n<\/ol>\n<p><strong>Illuminazione:<\/strong><\/p>\n<p>Le nostre luci anteriori e posteriori sono dotate di lampeggiatori ambra integrati e hanno una luminosit\u00e0 imbattibile di 2x 3200 lumen!<\/p>\n<p>L&#8217;illuminazione ambientale illumina il sito di lavoro con 4x 2800 lumen, indispensabili per il tuo lavoro!<\/p>\n<p>Gli autovelox si accendono automaticamente insieme agli autovelox gialli integrati nei fari, una caratteristica importante se, ad esempio, \u00e8 necessario controllare il traffico e non \u00e8 consentito l&#8217;uso della luce blu.<\/p>\n<p><strong>Binari della compagnia aerea:<\/strong><\/p>\n<p>Se hai bisogno di fissare un&#8217;attrezzatura aggiuntiva che non si adatta pi\u00f9 al tetto, l&#8217;aggiornamento include i binari per la linea aerea. Qui puoi fissare facilmente i tuoi attrezzi specifici utilizzando raccordi o inserti filettati. \u00c8 l&#8217;ideale per gli attrezzi che vengono utilizzati di frequente e che devono essere immediatamente accessibili da terra.  <\/p>\n<p><strong>Altre traverse:<\/strong><\/p>\n<p>La fornitura comprende anche l&#8217;estensione a un montante completo, che garantisce il massimo sfruttamento dello spazio sul tetto. Naturalmente, questi elementi possono essere ampliati con tutti gli accessori, come le <a href=\"https:\/\/hgm-rack.at\/it\/prodotto\/labbro-in-gomma-per-profilo-standard-in-alluminio-40x40\/\">labbra di gomma<\/a> o gli <a href=\"https:\/\/hgm-rack.at\/it\/prodotto\/blocco-di-trasporto-regolabile-singolo\/\">occhielli di fissaggio<\/a>. <\/p>\n<p><strong>Controllo semplice:<\/strong><\/p>\n<p>L&#8217;intero sistema di illuminazione \u00e8 comodamente controllato da un telecomando. Questo ti permette di controllare tutte le funzioni di illuminazione senza distrarre il pilota durante la guida. Il funzionamento intuitivo rende la gestione un gioco da ragazzi e ti permette di reagire direttamente alle rispettive esigenze. Il nostro sistema di controllo ti offre anche la possibilit\u00e0 di controllare l&#8217;illuminazione tramite un pannello di interruttori installato in modo permanente nell&#8217;abitacolo, anche se per questo \u00e8 necessario posare dei cavi aggiuntivi. Questo non \u00e8 incluso nella fornitura, ma pu\u00f2 essere richiesto su richiesta.    <\/p>\n<p><strong>Barra luminosa blu:<\/strong><\/p>\n<ul>\n<li>Lunghezza del fascio: 140 o 150 cm (a seconda del modello di veicolo)<\/li>\n<li>Numero di moduli LED: configurazione minima o parziale (in base alle esigenze del cliente), 3 LED per modulo<\/li>\n<li>Colori degli avvisi: giallo, blu, rosso, verde (standard blu o giallo)<\/li>\n<li>Colore del cofano: giallo, blu, rosso, verde, chiaro-trasparente<\/li>\n<li>Opzione a doppio colore, ad esempio giallo\/blu commutabile<\/li>\n<li>Varie opzioni aggiuntive: Altoparlante, luci di lavoro, display Follow-ME, faro di ricerca, indicatore di direzione, luce di frenata, annuncio vocale, avvisatore acustico, sirena<\/li>\n<li>Puoi trovare informazioni sugli accessori su <a href=\"http:\/\/intersignal.at\" target=\"_blank\" rel=\"noopener\">Intersignal.at <\/a> <\/li>\n<\/ul>\n<p><strong>Installazione senza fori: <\/strong>L&#8217;installazione del set di prolunghe \u00e8 semplice e non inutilmente invasiva. Non \u00e8 necessario praticare alcun foro nell&#8217;auto, il che preserva l&#8217;integrit\u00e0 del veicolo e consente una facile rimozione in caso di necessit\u00e0. Tutti i componenti sono progettati per integrarsi perfettamente con il portapacchi esistente.  <\/p>\n<p><strong>Conclusione: <\/strong>trasforma il tuo portapacchi in un veicolo di emergenza completamente attrezzato con questo efficace set di estensione. Pi\u00f9 sicuro, pi\u00f9 pratico e subito pronto ad accompagnarti in qualsiasi avventura. Ideale per chi vuole ottenere di pi\u00f9 dal proprio veicolo senza dover scendere a compromessi.  <\/p>\n<p>Naturalmente questo prodotto pu\u00f2 essere configurato in innumerevoli varianti. Se questa versione non soddisfa le tue esigenze, inviaci un&#8217;e-mail e troveremo il prodotto perfetto per te.<\/p>\n","protected":false},"excerpt":{"rendered":"<p>La nostra nuova serie Rescue Rack per i veicoli di emergenza. Dotato di luci lampeggianti ambra e blu, fari anteriori, fari posteriori e illuminazione ambientale. <\/p>\n","protected":false},"featured_media":25995098,"comment_status":"open","ping_status":"closed","template":"","meta":{"_acf_changed":false,"_et_pb_use_builder":"","_et_pb_old_content":"","_et_gb_content_width":""},"product_brand":[],"product_cat":[1191,1305],"product_tag":[],"class_list":{"0":"post-26004964","1":"product","2":"type-product","3":"status-publish","4":"has-post-thumbnail","6":"product_cat-accessori","7":"product_cat-fari","8":"product_shipping_class-classe-di-spedizione-xxl","10":"first","11":"instock","12":"taxable","13":"shipping-taxable","14":"purchasable","15":"product-type-simple"},"acf":[],"gallery_images":[25995085,25995095,25995110,25995115,25995105],"_links":{"self":[{"href":"https:\/\/hgm-rack.at\/it\/wp-json\/wp\/v2\/product\/26004964","targetHints":{"allow":["GET"]}}],"collection":[{"href":"https:\/\/hgm-rack.at\/it\/wp-json\/wp\/v2\/product"}],"about":[{"href":"https:\/\/hgm-rack.at\/it\/wp-json\/wp\/v2\/types\/product"}],"replies":[{"embeddable":true,"href":"https:\/\/hgm-rack.at\/it\/wp-json\/wp\/v2\/comments?post=26004964"}],"wp:featuredmedia":[{"embeddable":true,"href":"https:\/\/hgm-rack.at\/it\/wp-json\/wp\/v2\/media\/25995098"}],"wp:attachment":[{"href":"https:\/\/hgm-rack.at\/it\/wp-json\/wp\/v2\/media?parent=26004964"}],"wp:term":[{"taxonomy":"product_brand","embeddable":true,"href":"https:\/\/hgm-rack.at\/it\/wp-json\/wp\/v2\/product_brand?post=26004964"},{"taxonomy":"product_cat","embeddable":true,"href":"https:\/\/hgm-rack.at\/it\/wp-json\/wp\/v2\/product_cat?post=26004964"},{"taxonomy":"product_tag","embeddable":true,"href":"https:\/\/hgm-rack.at\/it\/wp-json\/wp\/v2\/product_tag?post=26004964"}],"curies":[{"name":"wp","href":"https:\/\/api.w.org\/{rel}","templated":true}]}}